{"id":16777,"date":"2025-07-21T15:11:17","date_gmt":"2025-07-21T18:11:17","guid":{"rendered":"https:\/\/paraferro.com.br\/loja\/?post_type=product&#038;p=16777"},"modified":"2025-07-21T15:18:43","modified_gmt":"2025-07-21T18:18:43","slug":"perfil-u-28-x-28","status":"publish","type":"product","link":"https:\/\/paraferro.com.br\/loja\/produto\/perfil-u-28-x-28\/","title":{"rendered":"PERFIL U 28 X 28"},"content":{"rendered":"<p><span class=\"OYPEnA font-feature-liga-off font-feature-clig-off font-feature-calt-off text-decoration-none text-strikethrough-none\">Perfil met\u00e1lico em formato de \u201cU\u201d, com medidas de 28&#215;28 mm. Leve, resistente e vers\u00e1til, \u00e9 muito usado em estruturas leves, suportes, forros e divis\u00f3rias. Ideal para acabamento e refor\u00e7o estrutural.<\/span><\/p>\n<p>&nbsp;<\/p>\n","protected":false},"excerpt":{"rendered":"<p>Perfil met\u00e1lico em formato de \u201cU\u201d, com medidas de 28&#215;28 mm. Leve, resistente e vers\u00e1til, \u00e9 muito usado em estruturas leves, suportes, forros e divis\u00f3rias. Ideal para acabamento e refor\u00e7o estrutural. &nbsp;<\/p>\n","protected":false},"featured_media":16787,"template":"","meta":{"_joinchat":[]},"product_brand":[],"product_cat":[285],"product_tag":[],"class_list":{"0":"post-16777","1":"product","2":"type-product","3":"status-publish","4":"has-post-thumbnail","6":"product_cat-perfil","8":"first","9":"instock","10":"shipping-taxable","11":"purchasable","12":"product-type-variable"},"_links":{"self":[{"href":"https:\/\/paraferro.com.br\/loja\/wp-json\/wp\/v2\/product\/16777","targetHints":{"allow":["GET"]}}],"collection":[{"href":"https:\/\/paraferro.com.br\/loja\/wp-json\/wp\/v2\/product"}],"about":[{"href":"https:\/\/paraferro.com.br\/loja\/wp-json\/wp\/v2\/types\/product"}],"wp:featuredmedia":[{"embeddable":true,"href":"https:\/\/paraferro.com.br\/loja\/wp-json\/wp\/v2\/media\/16787"}],"wp:attachment":[{"href":"https:\/\/paraferro.com.br\/loja\/wp-json\/wp\/v2\/media?parent=16777"}],"wp:term":[{"taxonomy":"product_brand","embeddable":true,"href":"https:\/\/paraferro.com.br\/loja\/wp-json\/wp\/v2\/product_brand?post=16777"},{"taxonomy":"product_cat","embeddable":true,"href":"https:\/\/paraferro.com.br\/loja\/wp-json\/wp\/v2\/product_cat?post=16777"},{"taxonomy":"product_tag","embeddable":true,"href":"https:\/\/paraferro.com.br\/loja\/wp-json\/wp\/v2\/product_tag?post=16777"}],"curies":[{"name":"wp","href":"https:\/\/api.w.org\/{rel}","templated":true}]}}