{"id":16619,"date":"2025-07-21T09:38:57","date_gmt":"2025-07-21T12:38:57","guid":{"rendered":"https:\/\/paraferro.com.br\/loja\/?post_type=product&#038;p=16619"},"modified":"2025-07-21T09:57:44","modified_gmt":"2025-07-21T12:57:44","slug":"cantoneira-para-tubo","status":"publish","type":"product","link":"https:\/\/paraferro.com.br\/loja\/produto\/cantoneira-para-tubo\/","title":{"rendered":"Cantoneira para Tubo"},"content":{"rendered":"<p><span class=\"OYPEnA font-feature-liga-off font-feature-clig-off font-feature-calt-off text-decoration-none text-strikethrough-none\">A cantoneira para tubo \u00e9 um suporte met\u00e1lico usado para fixar os tubos da rede de inc\u00eandio em paredes ou estruturas. Fabricada em a\u00e7o resistente, garante firmeza, alinhamento e seguran\u00e7a na instala\u00e7\u00e3o, evitando deslocamentos e ajudando na durabilidade do sistema.<\/span><\/p>\n","protected":false},"excerpt":{"rendered":"<p>A cantoneira para tubo \u00e9 um suporte met\u00e1lico usado para fixar os tubos da rede de inc\u00eandio em paredes ou estruturas. Fabricada em a\u00e7o resistente, garante firmeza, alinhamento e seguran\u00e7a na instala\u00e7\u00e3o, evitando deslocamentos e ajudando na durabilidade do sistema.<\/p>\n","protected":false},"featured_media":16620,"template":"","meta":{"_joinchat":[]},"product_brand":[],"product_cat":[298,268],"product_tag":[],"class_list":{"0":"post-16619","1":"product","2":"type-product","3":"status-publish","4":"has-post-thumbnail","6":"product_cat-cantoneira-para-tubo","7":"product_cat-rede-de-incendio","9":"first","10":"instock","11":"shipping-taxable","12":"purchasable","13":"product-type-variable"},"_links":{"self":[{"href":"https:\/\/paraferro.com.br\/loja\/wp-json\/wp\/v2\/product\/16619","targetHints":{"allow":["GET"]}}],"collection":[{"href":"https:\/\/paraferro.com.br\/loja\/wp-json\/wp\/v2\/product"}],"about":[{"href":"https:\/\/paraferro.com.br\/loja\/wp-json\/wp\/v2\/types\/product"}],"wp:featuredmedia":[{"embeddable":true,"href":"https:\/\/paraferro.com.br\/loja\/wp-json\/wp\/v2\/media\/16620"}],"wp:attachment":[{"href":"https:\/\/paraferro.com.br\/loja\/wp-json\/wp\/v2\/media?parent=16619"}],"wp:term":[{"taxonomy":"product_brand","embeddable":true,"href":"https:\/\/paraferro.com.br\/loja\/wp-json\/wp\/v2\/product_brand?post=16619"},{"taxonomy":"product_cat","embeddable":true,"href":"https:\/\/paraferro.com.br\/loja\/wp-json\/wp\/v2\/product_cat?post=16619"},{"taxonomy":"product_tag","embeddable":true,"href":"https:\/\/paraferro.com.br\/loja\/wp-json\/wp\/v2\/product_tag?post=16619"}],"curies":[{"name":"wp","href":"https:\/\/api.w.org\/{rel}","templated":true}]}}