{"id":16571,"date":"2025-07-14T15:13:32","date_gmt":"2025-07-14T18:13:32","guid":{"rendered":"https:\/\/paraferro.com.br\/loja\/?post_type=product&#038;p=16571"},"modified":"2025-07-14T15:29:44","modified_gmt":"2025-07-14T18:29:44","slug":"chapa-preta-normal","status":"publish","type":"product","link":"https:\/\/paraferro.com.br\/loja\/produto\/chapa-preta-normal\/","title":{"rendered":"CHAPA PRETA (Normal)"},"content":{"rendered":"<p><span class=\"OYPEnA font-feature-liga-off font-feature-clig-off font-feature-calt-off text-decoration-none text-strikethrough-none\">A chapa de a\u00e7o preta \u00e9 um a\u00e7o carbono sem revestimento, de cor preta ou acinzentada, usado na ind\u00fastria e constru\u00e7\u00e3o civil e Naval. Possui alta resist\u00eancia mec\u00e2nica, durabilidade e facilidade de corte e soldagem, sendo aplicada em Plataformas e estruturas auxiliares, pe\u00e7as industriais e Estruturas internas do casco.<\/span><\/p>\n<p>&nbsp;<\/p>\n","protected":false},"excerpt":{"rendered":"<p>A chapa de a\u00e7o preta \u00e9 um a\u00e7o carbono sem revestimento, de cor preta ou acinzentada, usado na ind\u00fastria e constru\u00e7\u00e3o civil e Naval. Possui alta resist\u00eancia mec\u00e2nica, durabilidade e facilidade de corte e soldagem, sendo aplicada em Plataformas e estruturas auxiliares, pe\u00e7as industriais e Estruturas internas do casco. &nbsp;<\/p>\n","protected":false},"featured_media":16560,"template":"","meta":{"_joinchat":[]},"product_brand":[],"product_cat":[238],"product_tag":[],"class_list":{"0":"post-16571","1":"product","2":"type-product","3":"status-publish","4":"has-post-thumbnail","6":"product_cat-chapa-preta-construcao-naval","8":"first","9":"instock","10":"shipping-taxable","11":"purchasable","12":"product-type-variable"},"_links":{"self":[{"href":"https:\/\/paraferro.com.br\/loja\/wp-json\/wp\/v2\/product\/16571","targetHints":{"allow":["GET"]}}],"collection":[{"href":"https:\/\/paraferro.com.br\/loja\/wp-json\/wp\/v2\/product"}],"about":[{"href":"https:\/\/paraferro.com.br\/loja\/wp-json\/wp\/v2\/types\/product"}],"wp:featuredmedia":[{"embeddable":true,"href":"https:\/\/paraferro.com.br\/loja\/wp-json\/wp\/v2\/media\/16560"}],"wp:attachment":[{"href":"https:\/\/paraferro.com.br\/loja\/wp-json\/wp\/v2\/media?parent=16571"}],"wp:term":[{"taxonomy":"product_brand","embeddable":true,"href":"https:\/\/paraferro.com.br\/loja\/wp-json\/wp\/v2\/product_brand?post=16571"},{"taxonomy":"product_cat","embeddable":true,"href":"https:\/\/paraferro.com.br\/loja\/wp-json\/wp\/v2\/product_cat?post=16571"},{"taxonomy":"product_tag","embeddable":true,"href":"https:\/\/paraferro.com.br\/loja\/wp-json\/wp\/v2\/product_tag?post=16571"}],"curies":[{"name":"wp","href":"https:\/\/api.w.org\/{rel}","templated":true}]}}