{"id":1646,"date":"2019-08-26T09:45:46","date_gmt":"2019-08-26T12:45:46","guid":{"rendered":"http:\/\/paraferro.com.br\/loja\/produto\/metalon-quadrado-100-x-100-ch-11-300mm\/"},"modified":"2025-05-08T13:33:24","modified_gmt":"2025-05-08T16:33:24","slug":"metalon-quadrado","status":"publish","type":"product","link":"https:\/\/paraferro.com.br\/loja\/produto\/metalon-quadrado\/","title":{"rendered":"METALON QUADRADO"},"content":{"rendered":"<p><span class=\"OYPEnA font-feature-liga-off font-feature-clig-off font-feature-calt-off text-decoration-none text-strikethrough-none\">Estes metalons possuem se\u00e7\u00e3o transversal quadrada, com todos os lados iguais. Eles formam \u00e2ngulos retos em todas as interse\u00e7\u00f5es e s\u00e3o caracterizados pela sua rigidez e resist\u00eancia. Os Tubos Metalon quadrados s\u00e3o amplamente utilizados na constru\u00e7\u00e3o de estruturas met\u00e1licas, como suportes, treli\u00e7as, estruturas de cobertura, entre outros.<\/span><\/p>\n<p>&nbsp;<\/p>\n","protected":false},"excerpt":{"rendered":"<p>Estes metalons possuem se\u00e7\u00e3o transversal quadrada, com todos os lados iguais. Eles formam \u00e2ngulos retos em todas as interse\u00e7\u00f5es e s\u00e3o caracterizados pela sua rigidez e resist\u00eancia. Os Tubos Metalon quadrados s\u00e3o amplamente utilizados na constru\u00e7\u00e3o de estruturas met\u00e1licas, como suportes, treli\u00e7as, estruturas de cobertura, entre outros. &nbsp;<\/p>\n","protected":false},"featured_media":14094,"template":"","meta":{"_joinchat":[]},"product_brand":[],"product_cat":[105],"product_tag":[],"class_list":{"0":"post-1646","1":"product","2":"type-product","3":"status-publish","4":"has-post-thumbnail","6":"product_cat-metalon-quadrado","8":"first","9":"instock","10":"shipping-taxable","11":"purchasable","12":"product-type-variable","13":"has-default-attributes"},"_links":{"self":[{"href":"https:\/\/paraferro.com.br\/loja\/wp-json\/wp\/v2\/product\/1646","targetHints":{"allow":["GET"]}}],"collection":[{"href":"https:\/\/paraferro.com.br\/loja\/wp-json\/wp\/v2\/product"}],"about":[{"href":"https:\/\/paraferro.com.br\/loja\/wp-json\/wp\/v2\/types\/product"}],"wp:featuredmedia":[{"embeddable":true,"href":"https:\/\/paraferro.com.br\/loja\/wp-json\/wp\/v2\/media\/14094"}],"wp:attachment":[{"href":"https:\/\/paraferro.com.br\/loja\/wp-json\/wp\/v2\/media?parent=1646"}],"wp:term":[{"taxonomy":"product_brand","embeddable":true,"href":"https:\/\/paraferro.com.br\/loja\/wp-json\/wp\/v2\/product_brand?post=1646"},{"taxonomy":"product_cat","embeddable":true,"href":"https:\/\/paraferro.com.br\/loja\/wp-json\/wp\/v2\/product_cat?post=1646"},{"taxonomy":"product_tag","embeddable":true,"href":"https:\/\/paraferro.com.br\/loja\/wp-json\/wp\/v2\/product_tag?post=1646"}],"curies":[{"name":"wp","href":"https:\/\/api.w.org\/{rel}","templated":true}]}}