{"id":1641,"date":"2019-08-26T09:45:45","date_gmt":"2019-08-26T12:45:45","guid":{"rendered":"http:\/\/paraferro.com.br\/loja\/produto\/metalon-quadrado-80-x-80-ch-14-200mm\/"},"modified":"2025-07-14T14:22:06","modified_gmt":"2025-07-14T17:22:06","slug":"metalon-preto","status":"publish","type":"product","link":"https:\/\/paraferro.com.br\/loja\/produto\/metalon-preto\/","title":{"rendered":"METALON PRETO"},"content":{"rendered":"<p><span class=\"OYPEnA font-feature-liga-off font-feature-clig-off font-feature-calt-off text-decoration-none text-strikethrough-none\">O metalon preto \u00e9 um tubo de a\u00e7o carbono com acabamento oxidado, destacando-se pela alta resist\u00eancia, durabilidade e maleabilidade. Essas caracter\u00edsticas o tornam ideal para aplica\u00e7\u00f5es estruturais e de suporte de cargas pesadas, sendo amplamente utilizado em galp\u00f5es industriais, coberturas, mezaninos, vigas, pilares, port\u00f5es e grades.<\/span><\/p>\n","protected":false},"excerpt":{"rendered":"<p>O metalon preto \u00e9 um tubo de a\u00e7o carbono com acabamento oxidado, destacando-se pela alta resist\u00eancia, durabilidade e maleabilidade. Essas caracter\u00edsticas o tornam ideal para aplica\u00e7\u00f5es estruturais e de suporte de cargas pesadas, sendo amplamente utilizado em galp\u00f5es industriais, coberturas, mezaninos, vigas, pilares, port\u00f5es e grades.<\/p>\n","protected":false},"featured_media":16556,"template":"","meta":{"_joinchat":[]},"product_brand":[],"product_cat":[105],"product_tag":[],"class_list":{"0":"post-1641","1":"product","2":"type-product","3":"status-publish","4":"has-post-thumbnail","6":"product_cat-metalon-quadrado","8":"first","9":"instock","10":"shipping-taxable","11":"purchasable","12":"product-type-variable","13":"has-default-attributes"},"_links":{"self":[{"href":"https:\/\/paraferro.com.br\/loja\/wp-json\/wp\/v2\/product\/1641","targetHints":{"allow":["GET"]}}],"collection":[{"href":"https:\/\/paraferro.com.br\/loja\/wp-json\/wp\/v2\/product"}],"about":[{"href":"https:\/\/paraferro.com.br\/loja\/wp-json\/wp\/v2\/types\/product"}],"wp:featuredmedia":[{"embeddable":true,"href":"https:\/\/paraferro.com.br\/loja\/wp-json\/wp\/v2\/media\/16556"}],"wp:attachment":[{"href":"https:\/\/paraferro.com.br\/loja\/wp-json\/wp\/v2\/media?parent=1641"}],"wp:term":[{"taxonomy":"product_brand","embeddable":true,"href":"https:\/\/paraferro.com.br\/loja\/wp-json\/wp\/v2\/product_brand?post=1641"},{"taxonomy":"product_cat","embeddable":true,"href":"https:\/\/paraferro.com.br\/loja\/wp-json\/wp\/v2\/product_cat?post=1641"},{"taxonomy":"product_tag","embeddable":true,"href":"https:\/\/paraferro.com.br\/loja\/wp-json\/wp\/v2\/product_tag?post=1641"}],"curies":[{"name":"wp","href":"https:\/\/api.w.org\/{rel}","templated":true}]}}