{"id":16214,"date":"2025-06-09T11:42:11","date_gmt":"2025-06-09T14:42:11","guid":{"rendered":"https:\/\/paraferro.com.br\/loja\/?post_type=product&#038;p=16214"},"modified":"2025-06-09T11:48:57","modified_gmt":"2025-06-09T14:48:57","slug":"tubo-galvanizado-nbr5580","status":"publish","type":"product","link":"https:\/\/paraferro.com.br\/loja\/produto\/tubo-galvanizado-nbr5580\/","title":{"rendered":"TUBO GALVANIZADO NBR5580"},"content":{"rendered":"<p><span class=\"OYPEnA font-feature-liga-off font-feature-clig-off font-feature-calt-off text-decoration-none text-strikethrough-none\">Fabricado conforme a norma NBR 5580, o tubo galvanizado \u00e9 ideal para condu\u00e7\u00e3o de \u00e1gua, g\u00e1s, sistemas el\u00e9tricos e combate a inc\u00eandio. Com revestimento de zinco, oferece alta resist\u00eancia \u00e0 corros\u00e3o, durabilidade e seguran\u00e7a em instala\u00e7\u00f5es prediais e industriais.<\/span><\/p>\n","protected":false},"excerpt":{"rendered":"<p>Fabricado conforme a norma NBR 5580, o tubo galvanizado \u00e9 ideal para condu\u00e7\u00e3o de \u00e1gua, g\u00e1s, sistemas el\u00e9tricos e combate a inc\u00eandio. Com revestimento de zinco, oferece alta resist\u00eancia \u00e0 corros\u00e3o, durabilidade e seguran\u00e7a em instala\u00e7\u00f5es prediais e industriais.<\/p>\n","protected":false},"featured_media":16215,"template":"","meta":{"_joinchat":[]},"product_brand":[],"product_cat":[71,100,18,21],"product_tag":[],"class_list":{"0":"post-16214","1":"product","2":"type-product","3":"status-publish","4":"has-post-thumbnail","6":"product_cat-tubo-galvanizado","7":"product_cat-tubo-galvanizado-tubos-estruturais","8":"product_cat-tubos-e-conexoes-de-conducao","9":"product_cat-tubos-e-metalons-estruturais","11":"first","12":"instock","13":"shipping-taxable","14":"purchasable","15":"product-type-variable"},"_links":{"self":[{"href":"https:\/\/paraferro.com.br\/loja\/wp-json\/wp\/v2\/product\/16214","targetHints":{"allow":["GET"]}}],"collection":[{"href":"https:\/\/paraferro.com.br\/loja\/wp-json\/wp\/v2\/product"}],"about":[{"href":"https:\/\/paraferro.com.br\/loja\/wp-json\/wp\/v2\/types\/product"}],"wp:featuredmedia":[{"embeddable":true,"href":"https:\/\/paraferro.com.br\/loja\/wp-json\/wp\/v2\/media\/16215"}],"wp:attachment":[{"href":"https:\/\/paraferro.com.br\/loja\/wp-json\/wp\/v2\/media?parent=16214"}],"wp:term":[{"taxonomy":"product_brand","embeddable":true,"href":"https:\/\/paraferro.com.br\/loja\/wp-json\/wp\/v2\/product_brand?post=16214"},{"taxonomy":"product_cat","embeddable":true,"href":"https:\/\/paraferro.com.br\/loja\/wp-json\/wp\/v2\/product_cat?post=16214"},{"taxonomy":"product_tag","embeddable":true,"href":"https:\/\/paraferro.com.br\/loja\/wp-json\/wp\/v2\/product_tag?post=16214"}],"curies":[{"name":"wp","href":"https:\/\/api.w.org\/{rel}","templated":true}]}}