{"id":16023,"date":"2025-06-05T16:42:28","date_gmt":"2025-06-05T19:42:28","guid":{"rendered":"https:\/\/paraferro.com.br\/loja\/?post_type=product&#038;p=16023"},"modified":"2025-06-05T16:45:34","modified_gmt":"2025-06-05T19:45:34","slug":"metalon-inox-retangular","status":"publish","type":"product","link":"https:\/\/paraferro.com.br\/loja\/produto\/metalon-inox-retangular\/","title":{"rendered":"Metalon Inox Retangular"},"content":{"rendered":"<p><span class=\"OYPEnA font-feature-liga-off font-feature-clig-off font-feature-calt-off text-decoration-none text-strikethrough-none\">O metalon inox \u00e9 um tubo met\u00e1lico resistente \u00e0 corros\u00e3o, dur\u00e1vel e de f\u00e1cil manuten\u00e7\u00e3o. Usado na constru\u00e7\u00e3o, ind\u00fastria e decora\u00e7\u00e3o, \u00e9 ideal para estruturas met\u00e1licas, m\u00f3veis e equipamentos. Seu acabamento sofisticado garante qualidade e est\u00e9tica.<\/span><\/p>\n","protected":false},"excerpt":{"rendered":"<p>O metalon inox \u00e9 um tubo met\u00e1lico resistente \u00e0 corros\u00e3o, dur\u00e1vel e de f\u00e1cil manuten\u00e7\u00e3o. Usado na constru\u00e7\u00e3o, ind\u00fastria e decora\u00e7\u00e3o, \u00e9 ideal para estruturas met\u00e1licas, m\u00f3veis e equipamentos. Seu acabamento sofisticado garante qualidade e est\u00e9tica.<\/p>\n","protected":false},"featured_media":14080,"template":"","meta":{"_joinchat":[]},"product_brand":[],"product_cat":[109],"product_tag":[],"class_list":{"0":"post-16023","1":"product","2":"type-product","3":"status-publish","4":"has-post-thumbnail","6":"product_cat-metalon-inox","8":"first","9":"instock","10":"shipping-taxable","11":"purchasable","12":"product-type-variable"},"_links":{"self":[{"href":"https:\/\/paraferro.com.br\/loja\/wp-json\/wp\/v2\/product\/16023","targetHints":{"allow":["GET"]}}],"collection":[{"href":"https:\/\/paraferro.com.br\/loja\/wp-json\/wp\/v2\/product"}],"about":[{"href":"https:\/\/paraferro.com.br\/loja\/wp-json\/wp\/v2\/types\/product"}],"wp:featuredmedia":[{"embeddable":true,"href":"https:\/\/paraferro.com.br\/loja\/wp-json\/wp\/v2\/media\/14080"}],"wp:attachment":[{"href":"https:\/\/paraferro.com.br\/loja\/wp-json\/wp\/v2\/media?parent=16023"}],"wp:term":[{"taxonomy":"product_brand","embeddable":true,"href":"https:\/\/paraferro.com.br\/loja\/wp-json\/wp\/v2\/product_brand?post=16023"},{"taxonomy":"product_cat","embeddable":true,"href":"https:\/\/paraferro.com.br\/loja\/wp-json\/wp\/v2\/product_cat?post=16023"},{"taxonomy":"product_tag","embeddable":true,"href":"https:\/\/paraferro.com.br\/loja\/wp-json\/wp\/v2\/product_tag?post=16023"}],"curies":[{"name":"wp","href":"https:\/\/api.w.org\/{rel}","templated":true}]}}