{"id":1590,"date":"2019-08-26T09:27:22","date_gmt":"2019-08-26T12:27:22","guid":{"rendered":"http:\/\/paraferro.com.br\/loja\/?post_type=product&#038;p=1590"},"modified":"2025-05-08T15:37:49","modified_gmt":"2025-05-08T18:37:49","slug":"tubo-oblongo","status":"publish","type":"product","link":"https:\/\/paraferro.com.br\/loja\/produto\/tubo-oblongo\/","title":{"rendered":"TUBO OBLONGO"},"content":{"rendered":"<p><span class=\"OYPEnA font-feature-liga-off font-feature-clig-off font-feature-calt-off text-decoration-none text-strikethrough-none\">Os tubos oblongos, de formato oval, s\u00e3o amplamente usados em grandes obras devido \u00e0 sua maior resist\u00eancia estrutural, menor propens\u00e3o a deforma\u00e7\u00f5es e compacta\u00e7\u00e3o, que reduz custos de armazenamento e manuten\u00e7\u00e3o. Al\u00e9m disso, sua aerodin\u00e2mica melhora o fluxo de ar, trazendo economia e efici\u00eancia.<\/span><\/p>\n","protected":false},"excerpt":{"rendered":"<p>Os tubos oblongos, de formato oval, s\u00e3o amplamente usados em grandes obras devido \u00e0 sua maior resist\u00eancia estrutural, menor propens\u00e3o a deforma\u00e7\u00f5es e compacta\u00e7\u00e3o, que reduz custos de armazenamento e manuten\u00e7\u00e3o. Al\u00e9m disso, sua aerodin\u00e2mica melhora o fluxo de ar, trazendo economia e efici\u00eancia.<\/p>\n","protected":false},"featured_media":14118,"template":"","meta":{"_joinchat":[]},"product_brand":[],"product_cat":[103],"product_tag":[],"class_list":{"0":"post-1590","1":"product","2":"type-product","3":"status-publish","4":"has-post-thumbnail","6":"product_cat-tubo-oblongo","8":"first","9":"instock","10":"shipping-taxable","11":"purchasable","12":"product-type-variable"},"_links":{"self":[{"href":"https:\/\/paraferro.com.br\/loja\/wp-json\/wp\/v2\/product\/1590","targetHints":{"allow":["GET"]}}],"collection":[{"href":"https:\/\/paraferro.com.br\/loja\/wp-json\/wp\/v2\/product"}],"about":[{"href":"https:\/\/paraferro.com.br\/loja\/wp-json\/wp\/v2\/types\/product"}],"wp:featuredmedia":[{"embeddable":true,"href":"https:\/\/paraferro.com.br\/loja\/wp-json\/wp\/v2\/media\/14118"}],"wp:attachment":[{"href":"https:\/\/paraferro.com.br\/loja\/wp-json\/wp\/v2\/media?parent=1590"}],"wp:term":[{"taxonomy":"product_brand","embeddable":true,"href":"https:\/\/paraferro.com.br\/loja\/wp-json\/wp\/v2\/product_brand?post=1590"},{"taxonomy":"product_cat","embeddable":true,"href":"https:\/\/paraferro.com.br\/loja\/wp-json\/wp\/v2\/product_cat?post=1590"},{"taxonomy":"product_tag","embeddable":true,"href":"https:\/\/paraferro.com.br\/loja\/wp-json\/wp\/v2\/product_tag?post=1590"}],"curies":[{"name":"wp","href":"https:\/\/api.w.org\/{rel}","templated":true}]}}