{"id":1583,"date":"2019-08-26T09:26:15","date_gmt":"2019-08-26T12:26:15","guid":{"rendered":"http:\/\/paraferro.com.br\/loja\/produto\/tubo-industrial-2-1-2-diam-ext-6350mm-ch-18-120mm\/"},"modified":"2025-05-08T14:24:49","modified_gmt":"2025-05-08T17:24:49","slug":"tubo-industrial","status":"publish","type":"product","link":"https:\/\/paraferro.com.br\/loja\/produto\/tubo-industrial\/","title":{"rendered":"TUBO INDUSTRIAL"},"content":{"rendered":"<p><span class=\"OYPEnA font-feature-liga-off font-feature-clig-off font-feature-calt-off text-decoration-none text-strikethrough-none\">Os tubos industriais de a\u00e7o carbono s\u00e3o resistentes e male\u00e1veis, amplamente utilizados em constru\u00e7\u00f5es para estruturas met\u00e1licas, sistemas de tubula\u00e7\u00e3o, condu\u00e7\u00e3o de fluidos e suportes, devido \u00e0 sua durabilidade e capacidade de suportar altas cargas.<\/span><\/p>\n<p>&nbsp;<\/p>\n","protected":false},"excerpt":{"rendered":"<p>Os tubos industriais de a\u00e7o carbono s\u00e3o resistentes e male\u00e1veis, amplamente utilizados em constru\u00e7\u00f5es para estruturas met\u00e1licas, sistemas de tubula\u00e7\u00e3o, condu\u00e7\u00e3o de fluidos e suportes, devido \u00e0 sua durabilidade e capacidade de suportar altas cargas. &nbsp;<\/p>\n","protected":false},"featured_media":14114,"template":"","meta":{"_joinchat":[]},"product_brand":[],"product_cat":[102],"product_tag":[],"class_list":{"0":"post-1583","1":"product","2":"type-product","3":"status-publish","4":"has-post-thumbnail","6":"product_cat-tubo-industrial","8":"first","9":"instock","10":"shipping-taxable","11":"purchasable","12":"product-type-variable","13":"has-default-attributes"},"_links":{"self":[{"href":"https:\/\/paraferro.com.br\/loja\/wp-json\/wp\/v2\/product\/1583","targetHints":{"allow":["GET"]}}],"collection":[{"href":"https:\/\/paraferro.com.br\/loja\/wp-json\/wp\/v2\/product"}],"about":[{"href":"https:\/\/paraferro.com.br\/loja\/wp-json\/wp\/v2\/types\/product"}],"wp:featuredmedia":[{"embeddable":true,"href":"https:\/\/paraferro.com.br\/loja\/wp-json\/wp\/v2\/media\/14114"}],"wp:attachment":[{"href":"https:\/\/paraferro.com.br\/loja\/wp-json\/wp\/v2\/media?parent=1583"}],"wp:term":[{"taxonomy":"product_brand","embeddable":true,"href":"https:\/\/paraferro.com.br\/loja\/wp-json\/wp\/v2\/product_brand?post=1583"},{"taxonomy":"product_cat","embeddable":true,"href":"https:\/\/paraferro.com.br\/loja\/wp-json\/wp\/v2\/product_cat?post=1583"},{"taxonomy":"product_tag","embeddable":true,"href":"https:\/\/paraferro.com.br\/loja\/wp-json\/wp\/v2\/product_tag?post=1583"}],"curies":[{"name":"wp","href":"https:\/\/api.w.org\/{rel}","templated":true}]}}