{"id":1557,"date":"2019-08-26T09:18:07","date_gmt":"2019-08-26T12:18:07","guid":{"rendered":"http:\/\/paraferro.com.br\/loja\/produto\/tubo-preto-patente-3-diam-ext-8800mm-ch-9-375mm\/"},"modified":"2025-05-08T15:17:38","modified_gmt":"2025-05-08T18:17:38","slug":"tubo-preto-patente-3-diam-ext-8800mm-ch-9-375mm","status":"publish","type":"product","link":"https:\/\/paraferro.com.br\/loja\/produto\/tubo-preto-patente-3-diam-ext-8800mm-ch-9-375mm\/","title":{"rendered":"TUBO PRETO PATENTE"},"content":{"rendered":"<p><span class=\"OYPEnA font-feature-liga-off font-feature-clig-off font-feature-calt-off text-decoration-none text-strikethrough-none\">O Tubo Preto Patente \u00e9 fabricado em a\u00e7o carbono resistente, ideal para constru\u00e7\u00e3o, condu\u00e7\u00e3o de fluidos e estruturas met\u00e1licas. Oferece alta durabilidade, versatilidade e \u00f3timo custo-benef\u00edcio.<\/span><\/p>\n<p>&nbsp;<\/p>\n","protected":false},"excerpt":{"rendered":"<p>O Tubo Preto Patente \u00e9 fabricado em a\u00e7o carbono resistente, ideal para constru\u00e7\u00e3o, condu\u00e7\u00e3o de fluidos e estruturas met\u00e1licas. Oferece alta durabilidade, versatilidade e \u00f3timo custo-benef\u00edcio. &nbsp;<\/p>\n","protected":false},"featured_media":14077,"template":"","meta":{"_joinchat":[]},"product_brand":[],"product_cat":[101],"product_tag":[],"class_list":{"0":"post-1557","1":"product","2":"type-product","3":"status-publish","4":"has-post-thumbnail","6":"product_cat-tubo-preto","8":"first","9":"instock","10":"shipping-taxable","11":"purchasable","12":"product-type-variable"},"_links":{"self":[{"href":"https:\/\/paraferro.com.br\/loja\/wp-json\/wp\/v2\/product\/1557","targetHints":{"allow":["GET"]}}],"collection":[{"href":"https:\/\/paraferro.com.br\/loja\/wp-json\/wp\/v2\/product"}],"about":[{"href":"https:\/\/paraferro.com.br\/loja\/wp-json\/wp\/v2\/types\/product"}],"wp:featuredmedia":[{"embeddable":true,"href":"https:\/\/paraferro.com.br\/loja\/wp-json\/wp\/v2\/media\/14077"}],"wp:attachment":[{"href":"https:\/\/paraferro.com.br\/loja\/wp-json\/wp\/v2\/media?parent=1557"}],"wp:term":[{"taxonomy":"product_brand","embeddable":true,"href":"https:\/\/paraferro.com.br\/loja\/wp-json\/wp\/v2\/product_brand?post=1557"},{"taxonomy":"product_cat","embeddable":true,"href":"https:\/\/paraferro.com.br\/loja\/wp-json\/wp\/v2\/product_cat?post=1557"},{"taxonomy":"product_tag","embeddable":true,"href":"https:\/\/paraferro.com.br\/loja\/wp-json\/wp\/v2\/product_tag?post=1557"}],"curies":[{"name":"wp","href":"https:\/\/api.w.org\/{rel}","templated":true}]}}