{"id":1556,"date":"2019-08-26T09:18:07","date_gmt":"2019-08-26T12:18:07","guid":{"rendered":"http:\/\/paraferro.com.br\/loja\/produto\/tubo-preto-patente-3-diam-ext-8800mm-ch-11-300mm\/"},"modified":"2025-05-08T15:11:43","modified_gmt":"2025-05-08T18:11:43","slug":"tubo-preto-patente-3-diam-ext-8800mm-ch-11-300mm","status":"publish","type":"product","link":"https:\/\/paraferro.com.br\/loja\/produto\/tubo-preto-patente-3-diam-ext-8800mm-ch-11-300mm\/","title":{"rendered":"TUBO PRETO NBR 5580"},"content":{"rendered":"<p><span class=\"OYPEnA font-feature-liga-off font-feature-clig-off font-feature-calt-off text-decoration-none text-strikethrough-none\">O tubo preto NBR 5580 \u00e9 fabricado em a\u00e7o carbono, garantindo resist\u00eancia e durabilidade. Amplamente usado na condu\u00e7\u00e3o de fluidos como \u00e1gua, g\u00e1s e vapor, atende \u00e0 norma NBR 5580 e \u00e9 vers\u00e1til para aplica\u00e7\u00f5es industriais e estruturas. Seu acabamento preto requer prote\u00e7\u00e3o contra oxida\u00e7\u00e3o em alguns casos, oferecendo excelente custo-benef\u00edcio e facilidade de uso.<\/span><\/p>\n<p>&nbsp;<\/p>\n","protected":false},"excerpt":{"rendered":"<p>O tubo preto NBR 5580 \u00e9 fabricado em a\u00e7o carbono, garantindo resist\u00eancia e durabilidade. Amplamente usado na condu\u00e7\u00e3o de fluidos como \u00e1gua, g\u00e1s e vapor, atende \u00e0 norma NBR 5580 e \u00e9 vers\u00e1til para aplica\u00e7\u00f5es industriais e estruturas. Seu acabamento preto requer prote\u00e7\u00e3o contra oxida\u00e7\u00e3o em alguns casos, oferecendo excelente custo-benef\u00edcio e facilidade de uso. &nbsp;<\/p>\n","protected":false},"featured_media":14105,"template":"","meta":{"_joinchat":[]},"product_brand":[],"product_cat":[101],"product_tag":[],"class_list":{"0":"post-1556","1":"product","2":"type-product","3":"status-publish","4":"has-post-thumbnail","6":"product_cat-tubo-preto","8":"first","9":"instock","10":"shipping-taxable","11":"purchasable","12":"product-type-variable"},"_links":{"self":[{"href":"https:\/\/paraferro.com.br\/loja\/wp-json\/wp\/v2\/product\/1556","targetHints":{"allow":["GET"]}}],"collection":[{"href":"https:\/\/paraferro.com.br\/loja\/wp-json\/wp\/v2\/product"}],"about":[{"href":"https:\/\/paraferro.com.br\/loja\/wp-json\/wp\/v2\/types\/product"}],"wp:featuredmedia":[{"embeddable":true,"href":"https:\/\/paraferro.com.br\/loja\/wp-json\/wp\/v2\/media\/14105"}],"wp:attachment":[{"href":"https:\/\/paraferro.com.br\/loja\/wp-json\/wp\/v2\/media?parent=1556"}],"wp:term":[{"taxonomy":"product_brand","embeddable":true,"href":"https:\/\/paraferro.com.br\/loja\/wp-json\/wp\/v2\/product_brand?post=1556"},{"taxonomy":"product_cat","embeddable":true,"href":"https:\/\/paraferro.com.br\/loja\/wp-json\/wp\/v2\/product_cat?post=1556"},{"taxonomy":"product_tag","embeddable":true,"href":"https:\/\/paraferro.com.br\/loja\/wp-json\/wp\/v2\/product_tag?post=1556"}],"curies":[{"name":"wp","href":"https:\/\/api.w.org\/{rel}","templated":true}]}}