{"id":1519,"date":"2019-08-26T09:18:03","date_gmt":"2019-08-26T12:18:03","guid":{"rendered":"http:\/\/paraferro.com.br\/loja\/produto\/tubo-preto-estrutural-diam-ext-16510mm-6-x-335mm\/"},"modified":"2025-05-08T15:02:48","modified_gmt":"2025-05-08T18:02:48","slug":"tubo-preto-estrutural","status":"publish","type":"product","link":"https:\/\/paraferro.com.br\/loja\/produto\/tubo-preto-estrutural\/","title":{"rendered":"TUBO PRETO ESTRUTURAL"},"content":{"rendered":"<p><span class=\"OYPEnA font-feature-liga-off font-feature-clig-off font-feature-calt-off text-decoration-none text-strikethrough-none\">Os tubos pretos, feitos de a\u00e7o carbono com revestimento de \u00f3xido de ferro, destacam-se pela resist\u00eancia, durabilidade e facilidade de instala\u00e7\u00e3o. Vers\u00e1teis, s\u00e3o amplamente utilizados em projetos estruturais, na ind\u00fastria de m\u00e1quinas, minera\u00e7\u00e3o e combate a inc\u00eandio.<\/span><\/p>\n<p>&nbsp;<\/p>\n","protected":false},"excerpt":{"rendered":"<p>Os tubos pretos, feitos de a\u00e7o carbono com revestimento de \u00f3xido de ferro, destacam-se pela resist\u00eancia, durabilidade e facilidade de instala\u00e7\u00e3o. Vers\u00e1teis, s\u00e3o amplamente utilizados em projetos estruturais, na ind\u00fastria de m\u00e1quinas, minera\u00e7\u00e3o e combate a inc\u00eandio. &nbsp;<\/p>\n","protected":false},"featured_media":14077,"template":"","meta":{"_joinchat":[]},"product_brand":[],"product_cat":[101],"product_tag":[],"class_list":{"0":"post-1519","1":"product","2":"type-product","3":"status-publish","4":"has-post-thumbnail","6":"product_cat-tubo-preto","8":"first","9":"instock","10":"shipping-taxable","11":"purchasable","12":"product-type-variable","13":"has-default-attributes"},"_links":{"self":[{"href":"https:\/\/paraferro.com.br\/loja\/wp-json\/wp\/v2\/product\/1519","targetHints":{"allow":["GET"]}}],"collection":[{"href":"https:\/\/paraferro.com.br\/loja\/wp-json\/wp\/v2\/product"}],"about":[{"href":"https:\/\/paraferro.com.br\/loja\/wp-json\/wp\/v2\/types\/product"}],"wp:featuredmedia":[{"embeddable":true,"href":"https:\/\/paraferro.com.br\/loja\/wp-json\/wp\/v2\/media\/14077"}],"wp:attachment":[{"href":"https:\/\/paraferro.com.br\/loja\/wp-json\/wp\/v2\/media?parent=1519"}],"wp:term":[{"taxonomy":"product_brand","embeddable":true,"href":"https:\/\/paraferro.com.br\/loja\/wp-json\/wp\/v2\/product_brand?post=1519"},{"taxonomy":"product_cat","embeddable":true,"href":"https:\/\/paraferro.com.br\/loja\/wp-json\/wp\/v2\/product_cat?post=1519"},{"taxonomy":"product_tag","embeddable":true,"href":"https:\/\/paraferro.com.br\/loja\/wp-json\/wp\/v2\/product_tag?post=1519"}],"curies":[{"name":"wp","href":"https:\/\/api.w.org\/{rel}","templated":true}]}}