{"id":1484,"date":"2019-08-26T08:57:47","date_gmt":"2019-08-26T11:57:47","guid":{"rendered":"http:\/\/paraferro.com.br\/loja\/produto\/tubo-galvanizado-p-fluido-1-2-x225mm-6m\/"},"modified":"2025-06-05T16:13:25","modified_gmt":"2025-06-05T19:13:25","slug":"tubo-galvanizado-patente-2","status":"publish","type":"product","link":"https:\/\/paraferro.com.br\/loja\/produto\/tubo-galvanizado-patente-2\/","title":{"rendered":"TUBO GALVANIZADO PATENTE"},"content":{"rendered":"<p><span class=\"OYPEnA font-feature-liga-off font-feature-clig-off font-feature-calt-off text-decoration-none text-strikethrough-none\">Tubos de se\u00e7\u00e3o transversal redonda fabricados em a\u00e7o carbono com solda longitudinal &#8220;ERW&#8221;, com tratamento de galvaniza\u00e7\u00e3o que prolonga sua resist\u00eancia e vida \u00fatil. Para aplica\u00e7\u00f5es em diversos segmentos, \u00e9 utilizado nos mais diversos segmentos.<\/span><\/p>\n","protected":false},"excerpt":{"rendered":"<p>Tubos de se\u00e7\u00e3o transversal redonda fabricados em a\u00e7o carbono com solda longitudinal &#8220;ERW&#8221;, com tratamento de galvaniza\u00e7\u00e3o que prolonga sua resist\u00eancia e vida \u00fatil. Para aplica\u00e7\u00f5es em diversos segmentos, \u00e9 utilizado nos mais diversos segmentos.<\/p>\n","protected":false},"featured_media":15958,"template":"","meta":{"_joinchat":[]},"product_brand":[],"product_cat":[100],"product_tag":[],"class_list":{"0":"post-1484","1":"product","2":"type-product","3":"status-publish","4":"has-post-thumbnail","6":"product_cat-tubo-galvanizado-tubos-estruturais","8":"first","9":"instock","10":"shipping-taxable","11":"purchasable","12":"product-type-variable"},"_links":{"self":[{"href":"https:\/\/paraferro.com.br\/loja\/wp-json\/wp\/v2\/product\/1484","targetHints":{"allow":["GET"]}}],"collection":[{"href":"https:\/\/paraferro.com.br\/loja\/wp-json\/wp\/v2\/product"}],"about":[{"href":"https:\/\/paraferro.com.br\/loja\/wp-json\/wp\/v2\/types\/product"}],"wp:featuredmedia":[{"embeddable":true,"href":"https:\/\/paraferro.com.br\/loja\/wp-json\/wp\/v2\/media\/15958"}],"wp:attachment":[{"href":"https:\/\/paraferro.com.br\/loja\/wp-json\/wp\/v2\/media?parent=1484"}],"wp:term":[{"taxonomy":"product_brand","embeddable":true,"href":"https:\/\/paraferro.com.br\/loja\/wp-json\/wp\/v2\/product_brand?post=1484"},{"taxonomy":"product_cat","embeddable":true,"href":"https:\/\/paraferro.com.br\/loja\/wp-json\/wp\/v2\/product_cat?post=1484"},{"taxonomy":"product_tag","embeddable":true,"href":"https:\/\/paraferro.com.br\/loja\/wp-json\/wp\/v2\/product_tag?post=1484"}],"curies":[{"name":"wp","href":"https:\/\/api.w.org\/{rel}","templated":true}]}}