{"id":1478,"date":"2019-08-23T18:06:49","date_gmt":"2019-08-23T21:06:49","guid":{"rendered":"http:\/\/paraferro.com.br\/loja\/?post_type=product&#038;p=1478"},"modified":"2025-07-21T13:29:48","modified_gmt":"2025-07-21T16:29:48","slug":"trilho-para-sanfona","status":"publish","type":"product","link":"https:\/\/paraferro.com.br\/loja\/produto\/trilho-para-sanfona\/","title":{"rendered":"TRILHO PARA SANFONA"},"content":{"rendered":"<p class=\"\" data-start=\"158\" data-end=\"472\"><span class=\"OYPEnA font-feature-liga-off font-feature-clig-off font-feature-calt-off text-decoration-none text-strikethrough-none\">Perfil met\u00e1lico que serve de guia para o deslizamento de portas e port\u00f5es sanfonados. Proporciona abertura lateral pr\u00e1tica, com resist\u00eancia, durabilidade e economia de espa\u00e7o.<\/span><\/p>\n<p class=\"\" data-start=\"158\" data-end=\"472\">\n","protected":false},"excerpt":{"rendered":"<p>Perfil met\u00e1lico que serve de guia para o deslizamento de portas e port\u00f5es sanfonados. Proporciona abertura lateral pr\u00e1tica, com resist\u00eancia, durabilidade e economia de espa\u00e7o.<\/p>\n","protected":false},"featured_media":1477,"template":"","meta":{"_joinchat":[]},"product_brand":[],"product_cat":[70],"product_tag":[],"class_list":{"0":"post-1478","1":"product","2":"type-product","3":"status-publish","4":"has-post-thumbnail","6":"product_cat-trilho","8":"first","9":"instock","10":"shipping-taxable","11":"purchasable","12":"product-type-variable"},"_links":{"self":[{"href":"https:\/\/paraferro.com.br\/loja\/wp-json\/wp\/v2\/product\/1478","targetHints":{"allow":["GET"]}}],"collection":[{"href":"https:\/\/paraferro.com.br\/loja\/wp-json\/wp\/v2\/product"}],"about":[{"href":"https:\/\/paraferro.com.br\/loja\/wp-json\/wp\/v2\/types\/product"}],"wp:featuredmedia":[{"embeddable":true,"href":"https:\/\/paraferro.com.br\/loja\/wp-json\/wp\/v2\/media\/1477"}],"wp:attachment":[{"href":"https:\/\/paraferro.com.br\/loja\/wp-json\/wp\/v2\/media?parent=1478"}],"wp:term":[{"taxonomy":"product_brand","embeddable":true,"href":"https:\/\/paraferro.com.br\/loja\/wp-json\/wp\/v2\/product_brand?post=1478"},{"taxonomy":"product_cat","embeddable":true,"href":"https:\/\/paraferro.com.br\/loja\/wp-json\/wp\/v2\/product_cat?post=1478"},{"taxonomy":"product_tag","embeddable":true,"href":"https:\/\/paraferro.com.br\/loja\/wp-json\/wp\/v2\/product_tag?post=1478"}],"curies":[{"name":"wp","href":"https:\/\/api.w.org\/{rel}","templated":true}]}}