{"id":1473,"date":"2019-08-23T18:04:42","date_gmt":"2019-08-23T21:04:42","guid":{"rendered":"http:\/\/paraferro.com.br\/loja\/?post_type=product&#038;p=1473"},"modified":"2025-07-21T13:51:43","modified_gmt":"2025-07-21T16:51:43","slug":"baguete-de-aco","status":"publish","type":"product","link":"https:\/\/paraferro.com.br\/loja\/produto\/baguete-de-aco\/","title":{"rendered":"BAGUETE DE A\u00c7O"},"content":{"rendered":"<p class=\"\" data-start=\"144\" data-end=\"447\"><span class=\"OYPEnA font-feature-liga-off font-feature-clig-off font-feature-calt-off text-decoration-none text-strikethrough-none\">A baguete de a\u00e7o \u00e9 uma barra maci\u00e7a, usada na ind\u00fastria, constru\u00e7\u00e3o e serralheria. Com formatos variados (redondo, quadrado, retangular), \u00e9 ideal para fabrica\u00e7\u00e3o de pe\u00e7as, suportes, grades e componentes mec\u00e2nicos.<\/span><\/p>\n","protected":false},"excerpt":{"rendered":"<p>A baguete de a\u00e7o \u00e9 uma barra maci\u00e7a, usada na ind\u00fastria, constru\u00e7\u00e3o e serralheria. Com formatos variados (redondo, quadrado, retangular), \u00e9 ideal para fabrica\u00e7\u00e3o de pe\u00e7as, suportes, grades e componentes mec\u00e2nicos.<\/p>\n","protected":false},"featured_media":16717,"template":"","meta":{"_joinchat":[]},"product_brand":[],"product_cat":[69,22],"product_tag":[],"class_list":{"0":"post-1473","1":"product","2":"type-product","3":"status-publish","4":"has-post-thumbnail","6":"product_cat-baguete","7":"product_cat-serralheria","9":"first","10":"instock","11":"shipping-taxable","12":"purchasable","13":"product-type-variable","14":"has-default-attributes"},"_links":{"self":[{"href":"https:\/\/paraferro.com.br\/loja\/wp-json\/wp\/v2\/product\/1473","targetHints":{"allow":["GET"]}}],"collection":[{"href":"https:\/\/paraferro.com.br\/loja\/wp-json\/wp\/v2\/product"}],"about":[{"href":"https:\/\/paraferro.com.br\/loja\/wp-json\/wp\/v2\/types\/product"}],"wp:featuredmedia":[{"embeddable":true,"href":"https:\/\/paraferro.com.br\/loja\/wp-json\/wp\/v2\/media\/16717"}],"wp:attachment":[{"href":"https:\/\/paraferro.com.br\/loja\/wp-json\/wp\/v2\/media?parent=1473"}],"wp:term":[{"taxonomy":"product_brand","embeddable":true,"href":"https:\/\/paraferro.com.br\/loja\/wp-json\/wp\/v2\/product_brand?post=1473"},{"taxonomy":"product_cat","embeddable":true,"href":"https:\/\/paraferro.com.br\/loja\/wp-json\/wp\/v2\/product_cat?post=1473"},{"taxonomy":"product_tag","embeddable":true,"href":"https:\/\/paraferro.com.br\/loja\/wp-json\/wp\/v2\/product_tag?post=1473"}],"curies":[{"name":"wp","href":"https:\/\/api.w.org\/{rel}","templated":true}]}}