{"id":1466,"date":"2019-08-23T17:58:36","date_gmt":"2019-08-23T20:58:36","guid":{"rendered":"http:\/\/paraferro.com.br\/loja\/?post_type=product&#038;p=1466"},"modified":"2025-07-21T13:44:22","modified_gmt":"2025-07-21T16:44:22","slug":"almofada-aco","status":"publish","type":"product","link":"https:\/\/paraferro.com.br\/loja\/produto\/almofada-aco\/","title":{"rendered":"ALMOFADA DE A\u00c7O"},"content":{"rendered":"<p class=\"\" data-start=\"165\" data-end=\"480\"><span class=\"OYPEnA font-feature-liga-off font-feature-clig-off font-feature-calt-off text-decoration-none text-strikethrough-none\">A almofada de a\u00e7o \u00e9 usada para absorver impactos, distribuir cargas e proteger superf\u00edcies em m\u00e1quinas, estruturas met\u00e1licas e equipamentos pesados. Fabricada em a\u00e7o resistente, ela evita desgastes, aumenta a durabilidade e melhora a seguran\u00e7a do sistema.<\/span><\/p>\n","protected":false},"excerpt":{"rendered":"<p>A almofada de a\u00e7o \u00e9 usada para absorver impactos, distribuir cargas e proteger superf\u00edcies em m\u00e1quinas, estruturas met\u00e1licas e equipamentos pesados. Fabricada em a\u00e7o resistente, ela evita desgastes, aumenta a durabilidade e melhora a seguran\u00e7a do sistema.<\/p>\n","protected":false},"featured_media":16713,"template":"","meta":{"_joinchat":[]},"product_brand":[],"product_cat":[67,22],"product_tag":[],"class_list":{"0":"post-1466","1":"product","2":"type-product","3":"status-publish","4":"has-post-thumbnail","6":"product_cat-almofada","7":"product_cat-serralheria","9":"first","10":"instock","11":"shipping-taxable","12":"purchasable","13":"product-type-variable"},"_links":{"self":[{"href":"https:\/\/paraferro.com.br\/loja\/wp-json\/wp\/v2\/product\/1466","targetHints":{"allow":["GET"]}}],"collection":[{"href":"https:\/\/paraferro.com.br\/loja\/wp-json\/wp\/v2\/product"}],"about":[{"href":"https:\/\/paraferro.com.br\/loja\/wp-json\/wp\/v2\/types\/product"}],"wp:featuredmedia":[{"embeddable":true,"href":"https:\/\/paraferro.com.br\/loja\/wp-json\/wp\/v2\/media\/16713"}],"wp:attachment":[{"href":"https:\/\/paraferro.com.br\/loja\/wp-json\/wp\/v2\/media?parent=1466"}],"wp:term":[{"taxonomy":"product_brand","embeddable":true,"href":"https:\/\/paraferro.com.br\/loja\/wp-json\/wp\/v2\/product_brand?post=1466"},{"taxonomy":"product_cat","embeddable":true,"href":"https:\/\/paraferro.com.br\/loja\/wp-json\/wp\/v2\/product_cat?post=1466"},{"taxonomy":"product_tag","embeddable":true,"href":"https:\/\/paraferro.com.br\/loja\/wp-json\/wp\/v2\/product_tag?post=1466"}],"curies":[{"name":"wp","href":"https:\/\/api.w.org\/{rel}","templated":true}]}}