{"id":14511,"date":"2025-05-01T00:05:44","date_gmt":"2025-05-01T03:05:44","guid":{"rendered":"https:\/\/paraferro.com.br\/loja\/?post_type=product&#038;p=14511"},"modified":"2025-05-08T13:03:52","modified_gmt":"2025-05-08T16:03:52","slug":"ultraboard","status":"publish","type":"product","link":"https:\/\/paraferro.com.br\/loja\/produto\/ultraboard\/","title":{"rendered":"Ultraboard"},"content":{"rendered":"<p><span class=\"OYPEnA font-feature-liga-off font-feature-clig-off font-feature-calt-off text-decoration-none text-strikethrough-none\">O Ultraboard \u00e9 um painel ciment\u00edcio altamente resistente, ideal para revestimentos de paredes, forros e fachadas. Com resist\u00eancia ao fogo, \u00e0 umidade e impactos, \u00e9 f\u00e1cil de instalar e proporciona acabamentos de alta qualidade. Perfeito para ambientes internos e externos, especialmente em \u00e1reas \u00famidas como cozinhas e banheiros.<\/span><\/p>\n","protected":false},"excerpt":{"rendered":"<p>O Ultraboard \u00e9 um painel ciment\u00edcio altamente resistente, ideal para revestimentos de paredes, forros e fachadas. Com resist\u00eancia ao fogo, \u00e0 umidade e impactos, \u00e9 f\u00e1cil de instalar e proporciona acabamentos de alta qualidade. Perfeito para ambientes internos e externos, especialmente em \u00e1reas \u00famidas como cozinhas e banheiros.<\/p>\n","protected":false},"featured_media":14514,"template":"","meta":{"_joinchat":[]},"product_brand":[],"product_cat":[23,287],"product_tag":[],"class_list":{"0":"post-14511","1":"product","2":"type-product","3":"status-publish","4":"has-post-thumbnail","6":"product_cat-construcao-civil","7":"product_cat-paineis-cimenticios","9":"first","10":"instock","11":"shipping-taxable","12":"purchasable","13":"product-type-variable","14":"has-default-attributes"},"_links":{"self":[{"href":"https:\/\/paraferro.com.br\/loja\/wp-json\/wp\/v2\/product\/14511","targetHints":{"allow":["GET"]}}],"collection":[{"href":"https:\/\/paraferro.com.br\/loja\/wp-json\/wp\/v2\/product"}],"about":[{"href":"https:\/\/paraferro.com.br\/loja\/wp-json\/wp\/v2\/types\/product"}],"wp:featuredmedia":[{"embeddable":true,"href":"https:\/\/paraferro.com.br\/loja\/wp-json\/wp\/v2\/media\/14514"}],"wp:attachment":[{"href":"https:\/\/paraferro.com.br\/loja\/wp-json\/wp\/v2\/media?parent=14511"}],"wp:term":[{"taxonomy":"product_brand","embeddable":true,"href":"https:\/\/paraferro.com.br\/loja\/wp-json\/wp\/v2\/product_brand?post=14511"},{"taxonomy":"product_cat","embeddable":true,"href":"https:\/\/paraferro.com.br\/loja\/wp-json\/wp\/v2\/product_cat?post=14511"},{"taxonomy":"product_tag","embeddable":true,"href":"https:\/\/paraferro.com.br\/loja\/wp-json\/wp\/v2\/product_tag?post=14511"}],"curies":[{"name":"wp","href":"https:\/\/api.w.org\/{rel}","templated":true}]}}