{"id":14507,"date":"2025-04-30T15:10:47","date_gmt":"2025-04-30T18:10:47","guid":{"rendered":"https:\/\/paraferro.com.br\/loja\/?post_type=product&#038;p=14507"},"modified":"2025-05-08T11:53:48","modified_gmt":"2025-05-08T14:53:48","slug":"masterboard","status":"publish","type":"product","link":"https:\/\/paraferro.com.br\/loja\/produto\/masterboard\/","title":{"rendered":"Masterboard"},"content":{"rendered":"<p><span class=\"OYPEnA font-feature-liga-off font-feature-clig-off font-feature-calt-off text-decoration-none text-strikethrough-none\">O Masterboard \u00e9 um painel ciment\u00edcio utilizado na constru\u00e7\u00e3o civil, conhecido por sua resist\u00eancia ao fogo, umidade e impactos. \u00c9 \u00e9 ideal para revestimentos de paredes, forros e fachadas. Sua versatilidade e durabilidade o tornam perfeito para ambientes internos e externos, al\u00e9m de \u00e1reas com alta umidade.<\/span><\/p>\n<p>&nbsp;<\/p>\n","protected":false},"excerpt":{"rendered":"<p>O Masterboard \u00e9 um painel ciment\u00edcio utilizado na constru\u00e7\u00e3o civil, conhecido por sua resist\u00eancia ao fogo, umidade e impactos. \u00c9 \u00e9 ideal para revestimentos de paredes, forros e fachadas. Sua versatilidade e durabilidade o tornam perfeito para ambientes internos e externos, al\u00e9m de \u00e1reas com alta umidade. &nbsp;<\/p>\n","protected":false},"featured_media":14508,"template":"","meta":{"_joinchat":[]},"product_brand":[],"product_cat":[23,287],"product_tag":[],"class_list":{"0":"post-14507","1":"product","2":"type-product","3":"status-publish","4":"has-post-thumbnail","6":"product_cat-construcao-civil","7":"product_cat-paineis-cimenticios","9":"first","10":"instock","11":"shipping-taxable","12":"purchasable","13":"product-type-variable"},"_links":{"self":[{"href":"https:\/\/paraferro.com.br\/loja\/wp-json\/wp\/v2\/product\/14507","targetHints":{"allow":["GET"]}}],"collection":[{"href":"https:\/\/paraferro.com.br\/loja\/wp-json\/wp\/v2\/product"}],"about":[{"href":"https:\/\/paraferro.com.br\/loja\/wp-json\/wp\/v2\/types\/product"}],"wp:featuredmedia":[{"embeddable":true,"href":"https:\/\/paraferro.com.br\/loja\/wp-json\/wp\/v2\/media\/14508"}],"wp:attachment":[{"href":"https:\/\/paraferro.com.br\/loja\/wp-json\/wp\/v2\/media?parent=14507"}],"wp:term":[{"taxonomy":"product_brand","embeddable":true,"href":"https:\/\/paraferro.com.br\/loja\/wp-json\/wp\/v2\/product_brand?post=14507"},{"taxonomy":"product_cat","embeddable":true,"href":"https:\/\/paraferro.com.br\/loja\/wp-json\/wp\/v2\/product_cat?post=14507"},{"taxonomy":"product_tag","embeddable":true,"href":"https:\/\/paraferro.com.br\/loja\/wp-json\/wp\/v2\/product_tag?post=14507"}],"curies":[{"name":"wp","href":"https:\/\/api.w.org\/{rel}","templated":true}]}}