{"id":1448,"date":"2019-08-23T17:46:00","date_gmt":"2019-08-23T20:46:00","guid":{"rendered":"http:\/\/paraferro.com.br\/loja\/produto\/vergalhao-ca-25-liso-3-4-20mm-12mts\/"},"modified":"2025-06-05T10:17:42","modified_gmt":"2025-06-05T13:17:42","slug":"vergalhao-ca-25-liso","status":"publish","type":"product","link":"https:\/\/paraferro.com.br\/loja\/produto\/vergalhao-ca-25-liso\/","title":{"rendered":"VERGALHAO CA-25 LISO"},"content":{"rendered":"<p><span class=\"OYPEnA font-feature-liga-off font-feature-clig-off font-feature-calt-off text-decoration-none text-strikethrough-none\">O vergalh\u00e3o liso CA-25 \u00e9 uma barra de a\u00e7o resistente, usada principalmente em concreto armado. Com alta resist\u00eancia \u00e0 tra\u00e7\u00e3o e superf\u00edcie lisa, garante ader\u00eancia ao concreto e \u00e9 ideal para vigas, pilares e funda\u00e7\u00f5es. \u00c9 dur\u00e1vel, resistente \u00e0 corros\u00e3o e facilita o manuseio, sendo essencial para a seguran\u00e7a e estabilidade de constru\u00e7\u00f5es.<\/span><\/p>\n","protected":false},"excerpt":{"rendered":"<p>O vergalh\u00e3o liso CA-25 \u00e9 uma barra de a\u00e7o resistente, usada principalmente em concreto armado. Com alta resist\u00eancia \u00e0 tra\u00e7\u00e3o e superf\u00edcie lisa, garante ader\u00eancia ao concreto e \u00e9 ideal para vigas, pilares e funda\u00e7\u00f5es. \u00c9 dur\u00e1vel, resistente \u00e0 corros\u00e3o e facilita o manuseio, sendo essencial para a seguran\u00e7a e estabilidade de constru\u00e7\u00f5es.<\/p>\n","protected":false},"featured_media":819,"template":"","meta":{"_joinchat":[]},"product_brand":[],"product_cat":[288],"product_tag":[],"class_list":{"0":"post-1448","1":"product","2":"type-product","3":"status-publish","4":"has-post-thumbnail","6":"product_cat-vergalhao","8":"first","9":"instock","10":"shipping-taxable","11":"purchasable","12":"product-type-variable"},"_links":{"self":[{"href":"https:\/\/paraferro.com.br\/loja\/wp-json\/wp\/v2\/product\/1448","targetHints":{"allow":["GET"]}}],"collection":[{"href":"https:\/\/paraferro.com.br\/loja\/wp-json\/wp\/v2\/product"}],"about":[{"href":"https:\/\/paraferro.com.br\/loja\/wp-json\/wp\/v2\/types\/product"}],"wp:featuredmedia":[{"embeddable":true,"href":"https:\/\/paraferro.com.br\/loja\/wp-json\/wp\/v2\/media\/819"}],"wp:attachment":[{"href":"https:\/\/paraferro.com.br\/loja\/wp-json\/wp\/v2\/media?parent=1448"}],"wp:term":[{"taxonomy":"product_brand","embeddable":true,"href":"https:\/\/paraferro.com.br\/loja\/wp-json\/wp\/v2\/product_brand?post=1448"},{"taxonomy":"product_cat","embeddable":true,"href":"https:\/\/paraferro.com.br\/loja\/wp-json\/wp\/v2\/product_cat?post=1448"},{"taxonomy":"product_tag","embeddable":true,"href":"https:\/\/paraferro.com.br\/loja\/wp-json\/wp\/v2\/product_tag?post=1448"}],"curies":[{"name":"wp","href":"https:\/\/api.w.org\/{rel}","templated":true}]}}