{"id":1440,"date":"2019-08-23T17:42:30","date_gmt":"2019-08-23T20:42:30","guid":{"rendered":"http:\/\/paraferro.com.br\/loja\/produto\/chapa-xadrez-aluminio-n-13-220mm-250-x-1\/"},"modified":"2025-05-12T15:32:05","modified_gmt":"2025-05-12T18:32:05","slug":"chapa-xadrez-aluminio","status":"publish","type":"product","link":"https:\/\/paraferro.com.br\/loja\/produto\/chapa-xadrez-aluminio\/","title":{"rendered":"CHAPA XADREZ ALUMINIO"},"content":{"rendered":"<p class=\"\" data-start=\"174\" data-end=\"491\">A chapa xadrez de alum\u00ednio \u00e9 ideal para aplica\u00e7\u00f5es que exigem seguran\u00e7a, leveza e resist\u00eancia \u00e0 corros\u00e3o. Utilizada em pisos, rampas, escadas, revestimentos e acabamentos met\u00e1licos, seu relevo antiderrapante oferece ader\u00eancia e estabilidade em ambientes internos e externos, al\u00e9m de um acabamento moderno e funcional.<\/p>\n<p class=\"\" data-start=\"174\" data-end=\"491\"><strong data-start=\"495\" data-end=\"555\">Consultar medidas no momento da cota\u00e7\u00e3o via WhatsApp.<\/strong><\/p>\n","protected":false},"excerpt":{"rendered":"<p>A chapa xadrez de alum\u00ednio \u00e9 ideal para aplica\u00e7\u00f5es que exigem seguran\u00e7a, leveza e resist\u00eancia \u00e0 corros\u00e3o. Utilizada em pisos, rampas, escadas, revestimentos e acabamentos met\u00e1licos, seu relevo antiderrapante oferece ader\u00eancia e estabilidade em ambientes internos e externos, al\u00e9m de um acabamento moderno e funcional. Consultar medidas no momento da cota\u00e7\u00e3o via WhatsApp.<\/p>\n","protected":false},"featured_media":1415,"template":"","meta":{"_joinchat":[]},"product_brand":[],"product_cat":[128],"product_tag":[],"class_list":{"0":"post-1440","1":"product","2":"type-product","3":"status-publish","4":"has-post-thumbnail","6":"product_cat-arruela","8":"first","9":"instock","10":"shipping-taxable","11":"purchasable","12":"product-type-simple"},"_links":{"self":[{"href":"https:\/\/paraferro.com.br\/loja\/wp-json\/wp\/v2\/product\/1440","targetHints":{"allow":["GET"]}}],"collection":[{"href":"https:\/\/paraferro.com.br\/loja\/wp-json\/wp\/v2\/product"}],"about":[{"href":"https:\/\/paraferro.com.br\/loja\/wp-json\/wp\/v2\/types\/product"}],"wp:featuredmedia":[{"embeddable":true,"href":"https:\/\/paraferro.com.br\/loja\/wp-json\/wp\/v2\/media\/1415"}],"wp:attachment":[{"href":"https:\/\/paraferro.com.br\/loja\/wp-json\/wp\/v2\/media?parent=1440"}],"wp:term":[{"taxonomy":"product_brand","embeddable":true,"href":"https:\/\/paraferro.com.br\/loja\/wp-json\/wp\/v2\/product_brand?post=1440"},{"taxonomy":"product_cat","embeddable":true,"href":"https:\/\/paraferro.com.br\/loja\/wp-json\/wp\/v2\/product_cat?post=1440"},{"taxonomy":"product_tag","embeddable":true,"href":"https:\/\/paraferro.com.br\/loja\/wp-json\/wp\/v2\/product_tag?post=1440"}],"curies":[{"name":"wp","href":"https:\/\/api.w.org\/{rel}","templated":true}]}}