{"id":1437,"date":"2019-08-23T17:42:30","date_gmt":"2019-08-23T20:42:30","guid":{"rendered":"http:\/\/paraferro.com.br\/loja\/produto\/chapa-xadrez-1-4-630mm-6-x-150\/"},"modified":"2025-07-21T12:33:52","modified_gmt":"2025-07-21T15:33:52","slug":"chapa-xadrez","status":"publish","type":"product","link":"https:\/\/paraferro.com.br\/loja\/produto\/chapa-xadrez\/","title":{"rendered":"CHAPA XADREZ"},"content":{"rendered":"<p class=\"\" data-start=\"154\" data-end=\"495\"><span class=\"OYPEnA font-feature-liga-off font-feature-clig-off font-feature-calt-off text-decoration-none text-strikethrough-none\">Chapa de a\u00e7o com relevo em formato de losangos, ideal para evitar escorregamentos. Muito usada em pisos, rampas, escadas e plataformas, oferece seguran\u00e7a, resist\u00eancia e f\u00e1cil manuten\u00e7\u00e3o.<\/span><\/p>\n<p class=\"\" data-start=\"154\" data-end=\"495\">\n","protected":false},"excerpt":{"rendered":"<p>Chapa de a\u00e7o com relevo em formato de losangos, ideal para evitar escorregamentos. Muito usada em pisos, rampas, escadas e plataformas, oferece seguran\u00e7a, resist\u00eancia e f\u00e1cil manuten\u00e7\u00e3o.<\/p>\n","protected":false},"featured_media":16697,"template":"","meta":{"_joinchat":[]},"product_brand":[],"product_cat":[292],"product_tag":[],"class_list":{"0":"post-1437","1":"product","2":"type-product","3":"status-publish","4":"has-post-thumbnail","6":"product_cat-chapas","8":"first","9":"instock","10":"shipping-taxable","11":"purchasable","12":"product-type-variable"},"_links":{"self":[{"href":"https:\/\/paraferro.com.br\/loja\/wp-json\/wp\/v2\/product\/1437","targetHints":{"allow":["GET"]}}],"collection":[{"href":"https:\/\/paraferro.com.br\/loja\/wp-json\/wp\/v2\/product"}],"about":[{"href":"https:\/\/paraferro.com.br\/loja\/wp-json\/wp\/v2\/types\/product"}],"wp:featuredmedia":[{"embeddable":true,"href":"https:\/\/paraferro.com.br\/loja\/wp-json\/wp\/v2\/media\/16697"}],"wp:attachment":[{"href":"https:\/\/paraferro.com.br\/loja\/wp-json\/wp\/v2\/media?parent=1437"}],"wp:term":[{"taxonomy":"product_brand","embeddable":true,"href":"https:\/\/paraferro.com.br\/loja\/wp-json\/wp\/v2\/product_brand?post=1437"},{"taxonomy":"product_cat","embeddable":true,"href":"https:\/\/paraferro.com.br\/loja\/wp-json\/wp\/v2\/product_cat?post=1437"},{"taxonomy":"product_tag","embeddable":true,"href":"https:\/\/paraferro.com.br\/loja\/wp-json\/wp\/v2\/product_tag?post=1437"}],"curies":[{"name":"wp","href":"https:\/\/api.w.org\/{rel}","templated":true}]}}