{"id":14165,"date":"2025-04-28T09:29:07","date_gmt":"2025-04-28T12:29:07","guid":{"rendered":"https:\/\/paraferro.com.br\/loja\/?post_type=product&#038;p=14165"},"modified":"2025-06-09T14:53:48","modified_gmt":"2025-06-09T17:53:48","slug":"perfil-enrijecido","status":"publish","type":"product","link":"https:\/\/paraferro.com.br\/loja\/produto\/perfil-enrijecido\/","title":{"rendered":"Perfil Enrijecido"},"content":{"rendered":"<p><span class=\"OYPEnA font-feature-liga-off font-feature-clig-off font-feature-calt-off text-decoration-none text-strikethrough-none\">O perfil enrijecido \u00e9 ideal para grandes constru\u00e7\u00f5es e projetos comerciais com estruturas pesadas, j\u00e1 que possui resist\u00eancia e durabilidade, muito usado em: fabrica\u00e7\u00e3o de estruturas met\u00e1licas de galp\u00f5es, montagem de telhados, fabrica\u00e7\u00e3o de port\u00f5es e grades, esquadrias etc.<\/span><\/p>\n","protected":false},"excerpt":{"rendered":"<p>O perfil enrijecido \u00e9 ideal para grandes constru\u00e7\u00f5es e projetos comerciais com estruturas pesadas, j\u00e1 que possui resist\u00eancia e durabilidade, muito usado em: fabrica\u00e7\u00e3o de estruturas met\u00e1licas de galp\u00f5es, montagem de telhados, fabrica\u00e7\u00e3o de port\u00f5es e grades, esquadrias etc.<\/p>\n","protected":false},"featured_media":14266,"template":"","meta":{"_joinchat":[]},"product_brand":[],"product_cat":[285],"product_tag":[],"class_list":{"0":"post-14165","1":"product","2":"type-product","3":"status-publish","4":"has-post-thumbnail","6":"product_cat-perfil","8":"first","9":"instock","10":"shipping-taxable","11":"purchasable","12":"product-type-variable"},"_links":{"self":[{"href":"https:\/\/paraferro.com.br\/loja\/wp-json\/wp\/v2\/product\/14165","targetHints":{"allow":["GET"]}}],"collection":[{"href":"https:\/\/paraferro.com.br\/loja\/wp-json\/wp\/v2\/product"}],"about":[{"href":"https:\/\/paraferro.com.br\/loja\/wp-json\/wp\/v2\/types\/product"}],"wp:featuredmedia":[{"embeddable":true,"href":"https:\/\/paraferro.com.br\/loja\/wp-json\/wp\/v2\/media\/14266"}],"wp:attachment":[{"href":"https:\/\/paraferro.com.br\/loja\/wp-json\/wp\/v2\/media?parent=14165"}],"wp:term":[{"taxonomy":"product_brand","embeddable":true,"href":"https:\/\/paraferro.com.br\/loja\/wp-json\/wp\/v2\/product_brand?post=14165"},{"taxonomy":"product_cat","embeddable":true,"href":"https:\/\/paraferro.com.br\/loja\/wp-json\/wp\/v2\/product_cat?post=14165"},{"taxonomy":"product_tag","embeddable":true,"href":"https:\/\/paraferro.com.br\/loja\/wp-json\/wp\/v2\/product_tag?post=14165"}],"curies":[{"name":"wp","href":"https:\/\/api.w.org\/{rel}","templated":true}]}}