{"id":14121,"date":"2025-04-24T09:44:05","date_gmt":"2025-04-24T12:44:05","guid":{"rendered":"https:\/\/paraferro.com.br\/loja\/?post_type=product&#038;p=14121"},"modified":"2025-05-19T13:25:11","modified_gmt":"2025-05-19T16:25:11","slug":"acoplamento-grooved","status":"publish","type":"product","link":"https:\/\/paraferro.com.br\/loja\/produto\/acoplamento-grooved\/","title":{"rendered":"Acoplamento Grooved"},"content":{"rendered":"<p><span class=\"OYPEnA font-feature-liga-off font-feature-clig-off font-feature-calt-off text-decoration-none text-strikethrough-none\">As conex\u00f5es Grooved s\u00e3o utilizadas para unir tubos de forma r\u00e1pida, segura e eficiente. Elas dispensam soldas ou roscas, reduzindo o tempo de instala\u00e7\u00e3o e facilitando manuten\u00e7\u00f5es. Ideais para sistemas hidr\u00e1ulicos, de inc\u00eandio e HVAC, garantem veda\u00e7\u00e3o confi\u00e1vel e resist\u00eancia a vibra\u00e7\u00f5es.<\/span><\/p>\n<p>&nbsp;<\/p>\n","protected":false},"excerpt":{"rendered":"<p>As conex\u00f5es Grooved s\u00e3o utilizadas para unir tubos de forma r\u00e1pida, segura e eficiente. Elas dispensam soldas ou roscas, reduzindo o tempo de instala\u00e7\u00e3o e facilitando manuten\u00e7\u00f5es. Ideais para sistemas hidr\u00e1ulicos, de inc\u00eandio e HVAC, garantem veda\u00e7\u00e3o confi\u00e1vel e resist\u00eancia a vibra\u00e7\u00f5es. &nbsp;<\/p>\n","protected":false},"featured_media":4073,"template":"","meta":{"_joinchat":[]},"product_brand":[],"product_cat":[293,18],"product_tag":[],"class_list":{"0":"post-14121","1":"product","2":"type-product","3":"status-publish","4":"has-post-thumbnail","6":"product_cat-grooved","7":"product_cat-tubos-e-conexoes-de-conducao","9":"first","10":"instock","11":"shipping-taxable","12":"purchasable","13":"product-type-variable"},"_links":{"self":[{"href":"https:\/\/paraferro.com.br\/loja\/wp-json\/wp\/v2\/product\/14121","targetHints":{"allow":["GET"]}}],"collection":[{"href":"https:\/\/paraferro.com.br\/loja\/wp-json\/wp\/v2\/product"}],"about":[{"href":"https:\/\/paraferro.com.br\/loja\/wp-json\/wp\/v2\/types\/product"}],"wp:featuredmedia":[{"embeddable":true,"href":"https:\/\/paraferro.com.br\/loja\/wp-json\/wp\/v2\/media\/4073"}],"wp:attachment":[{"href":"https:\/\/paraferro.com.br\/loja\/wp-json\/wp\/v2\/media?parent=14121"}],"wp:term":[{"taxonomy":"product_brand","embeddable":true,"href":"https:\/\/paraferro.com.br\/loja\/wp-json\/wp\/v2\/product_brand?post=14121"},{"taxonomy":"product_cat","embeddable":true,"href":"https:\/\/paraferro.com.br\/loja\/wp-json\/wp\/v2\/product_cat?post=14121"},{"taxonomy":"product_tag","embeddable":true,"href":"https:\/\/paraferro.com.br\/loja\/wp-json\/wp\/v2\/product_tag?post=14121"}],"curies":[{"name":"wp","href":"https:\/\/api.w.org\/{rel}","templated":true}]}}