{"id":1411,"date":"2019-08-23T17:36:58","date_gmt":"2019-08-23T20:36:58","guid":{"rendered":"http:\/\/paraferro.com.br\/loja\/?post_type=product&#038;p=1411"},"modified":"2025-07-21T11:44:33","modified_gmt":"2025-07-21T14:44:33","slug":"chapa-rolo","status":"publish","type":"product","link":"https:\/\/paraferro.com.br\/loja\/produto\/chapa-rolo\/","title":{"rendered":"CHAPA ROLO"},"content":{"rendered":"<p class=\"\" data-start=\"168\" data-end=\"499\"><span class=\"OYPEnA font-feature-liga-off font-feature-clig-off font-feature-calt-off text-decoration-none text-strikethrough-none\">Chapa rolo \u00e9 a solu\u00e7\u00e3o ideal para a fabrica\u00e7\u00e3o de pe\u00e7as que demandem grandes comprimentos, possuem tratamento galvanizado &#8211; o que garante maior durabilidade em tapamentos laterais, aplica\u00e7\u00f5es de rufos em telhados e outros usos externos.<\/span><\/p>\n","protected":false},"excerpt":{"rendered":"<p>Chapa rolo \u00e9 a solu\u00e7\u00e3o ideal para a fabrica\u00e7\u00e3o de pe\u00e7as que demandem grandes comprimentos, possuem tratamento galvanizado &#8211; o que garante maior durabilidade em tapamentos laterais, aplica\u00e7\u00f5es de rufos em telhados e outros usos externos.<\/p>\n","protected":false},"featured_media":16687,"template":"","meta":{"_joinchat":[]},"product_brand":[],"product_cat":[292,22],"product_tag":[],"class_list":{"0":"post-1411","1":"product","2":"type-product","3":"status-publish","4":"has-post-thumbnail","6":"product_cat-chapas","7":"product_cat-serralheria","9":"first","10":"instock","11":"shipping-taxable","12":"purchasable","13":"product-type-variable"},"_links":{"self":[{"href":"https:\/\/paraferro.com.br\/loja\/wp-json\/wp\/v2\/product\/1411","targetHints":{"allow":["GET"]}}],"collection":[{"href":"https:\/\/paraferro.com.br\/loja\/wp-json\/wp\/v2\/product"}],"about":[{"href":"https:\/\/paraferro.com.br\/loja\/wp-json\/wp\/v2\/types\/product"}],"wp:featuredmedia":[{"embeddable":true,"href":"https:\/\/paraferro.com.br\/loja\/wp-json\/wp\/v2\/media\/16687"}],"wp:attachment":[{"href":"https:\/\/paraferro.com.br\/loja\/wp-json\/wp\/v2\/media?parent=1411"}],"wp:term":[{"taxonomy":"product_brand","embeddable":true,"href":"https:\/\/paraferro.com.br\/loja\/wp-json\/wp\/v2\/product_brand?post=1411"},{"taxonomy":"product_cat","embeddable":true,"href":"https:\/\/paraferro.com.br\/loja\/wp-json\/wp\/v2\/product_cat?post=1411"},{"taxonomy":"product_tag","embeddable":true,"href":"https:\/\/paraferro.com.br\/loja\/wp-json\/wp\/v2\/product_tag?post=1411"}],"curies":[{"name":"wp","href":"https:\/\/api.w.org\/{rel}","templated":true}]}}