{"id":14068,"date":"2025-04-22T11:56:21","date_gmt":"2025-04-22T14:56:21","guid":{"rendered":"https:\/\/paraferro.com.br\/loja\/?post_type=product&#038;p=14068"},"modified":"2025-05-12T16:19:15","modified_gmt":"2025-05-12T19:19:15","slug":"tela-quadrangular-alambrada-morlan","status":"publish","type":"product","link":"https:\/\/paraferro.com.br\/loja\/produto\/tela-quadrangular-alambrada-morlan\/","title":{"rendered":"Tela quadrangular alambrada Morlan"},"content":{"rendered":"<p><span class=\"OYPEnA font-feature-liga-off font-feature-clig-off font-feature-calt-off text-decoration-none text-strikethrough-none\">A tela Alambrado Morlan\u00ae \u00e9 um produto dur\u00e1vel, resistente e de f\u00e1cil instala\u00e7\u00e3o, dispon\u00edvel em diversas malhas, fios e alturas. Feita com arame de a\u00e7o zincado conforme a norma ABNT NBR 10118, \u00e9 ideal para cercamento de \u00e1reas residenciais, comerciais e industriais. Sua malha flex\u00edvel \u00e9 especialmente recomendada para quadras poliesportivas, pois absorve impactos sem danos.<\/span><\/p>\n<p>&nbsp;<\/p>\n","protected":false},"excerpt":{"rendered":"<p>A tela Alambrado Morlan\u00ae \u00e9 um produto dur\u00e1vel, resistente e de f\u00e1cil instala\u00e7\u00e3o, dispon\u00edvel em diversas malhas, fios e alturas. Feita com arame de a\u00e7o zincado conforme a norma ABNT NBR 10118, \u00e9 ideal para cercamento de \u00e1reas residenciais, comerciais e industriais. Sua malha flex\u00edvel \u00e9 especialmente recomendada para quadras poliesportivas, pois absorve impactos sem danos. &nbsp;<\/p>\n","protected":false},"featured_media":14069,"template":"","meta":{"_joinchat":[]},"product_brand":[],"product_cat":[24,37],"product_tag":[],"class_list":{"0":"post-14068","1":"product","2":"type-product","3":"status-publish","4":"has-post-thumbnail","6":"product_cat-cercamento","7":"product_cat-tela-quadrangular","9":"first","10":"instock","11":"shipping-taxable","12":"purchasable","13":"product-type-variable"},"_links":{"self":[{"href":"https:\/\/paraferro.com.br\/loja\/wp-json\/wp\/v2\/product\/14068","targetHints":{"allow":["GET"]}}],"collection":[{"href":"https:\/\/paraferro.com.br\/loja\/wp-json\/wp\/v2\/product"}],"about":[{"href":"https:\/\/paraferro.com.br\/loja\/wp-json\/wp\/v2\/types\/product"}],"wp:featuredmedia":[{"embeddable":true,"href":"https:\/\/paraferro.com.br\/loja\/wp-json\/wp\/v2\/media\/14069"}],"wp:attachment":[{"href":"https:\/\/paraferro.com.br\/loja\/wp-json\/wp\/v2\/media?parent=14068"}],"wp:term":[{"taxonomy":"product_brand","embeddable":true,"href":"https:\/\/paraferro.com.br\/loja\/wp-json\/wp\/v2\/product_brand?post=14068"},{"taxonomy":"product_cat","embeddable":true,"href":"https:\/\/paraferro.com.br\/loja\/wp-json\/wp\/v2\/product_cat?post=14068"},{"taxonomy":"product_tag","embeddable":true,"href":"https:\/\/paraferro.com.br\/loja\/wp-json\/wp\/v2\/product_tag?post=14068"}],"curies":[{"name":"wp","href":"https:\/\/api.w.org\/{rel}","templated":true}]}}