{"id":14053,"date":"2025-04-21T19:00:36","date_gmt":"2025-04-21T22:00:36","guid":{"rendered":"https:\/\/paraferro.com.br\/loja\/?post_type=product&#038;p=14053"},"modified":"2025-06-05T11:55:12","modified_gmt":"2025-06-05T14:55:12","slug":"tellacor-morlan","status":"publish","type":"product","link":"https:\/\/paraferro.com.br\/loja\/produto\/tellacor-morlan\/","title":{"rendered":"Tellacor Morlan"},"content":{"rendered":"<p><span class=\"OYPEnA font-feature-liga-off font-feature-clig-off font-feature-calt-off text-decoration-none text-strikethrough-none\">Com 5 anos de garantia, a Tellacor Morlan oferece resist\u00eancia, design inovador e acabamento impec\u00e1vel. Seu PVC de alta ader\u00eancia protege contra corros\u00e3o, enquanto a crimpagem garante tensionamento perfeito.<\/span><\/p>\n<div><\/div>\n","protected":false},"excerpt":{"rendered":"<p>Com 5 anos de garantia, a Tellacor Morlan oferece resist\u00eancia, design inovador e acabamento impec\u00e1vel. Seu PVC de alta ader\u00eancia protege contra corros\u00e3o, enquanto a crimpagem garante tensionamento perfeito.<\/p>\n","protected":false},"featured_media":14056,"template":"","meta":{"_joinchat":[]},"product_brand":[],"product_cat":[24,37],"product_tag":[],"class_list":{"0":"post-14053","1":"product","2":"type-product","3":"status-publish","4":"has-post-thumbnail","6":"product_cat-cercamento","7":"product_cat-tela-quadrangular","9":"first","10":"instock","11":"shipping-taxable","12":"purchasable","13":"product-type-variable"},"_links":{"self":[{"href":"https:\/\/paraferro.com.br\/loja\/wp-json\/wp\/v2\/product\/14053","targetHints":{"allow":["GET"]}}],"collection":[{"href":"https:\/\/paraferro.com.br\/loja\/wp-json\/wp\/v2\/product"}],"about":[{"href":"https:\/\/paraferro.com.br\/loja\/wp-json\/wp\/v2\/types\/product"}],"wp:featuredmedia":[{"embeddable":true,"href":"https:\/\/paraferro.com.br\/loja\/wp-json\/wp\/v2\/media\/14056"}],"wp:attachment":[{"href":"https:\/\/paraferro.com.br\/loja\/wp-json\/wp\/v2\/media?parent=14053"}],"wp:term":[{"taxonomy":"product_brand","embeddable":true,"href":"https:\/\/paraferro.com.br\/loja\/wp-json\/wp\/v2\/product_brand?post=14053"},{"taxonomy":"product_cat","embeddable":true,"href":"https:\/\/paraferro.com.br\/loja\/wp-json\/wp\/v2\/product_cat?post=14053"},{"taxonomy":"product_tag","embeddable":true,"href":"https:\/\/paraferro.com.br\/loja\/wp-json\/wp\/v2\/product_tag?post=14053"}],"curies":[{"name":"wp","href":"https:\/\/api.w.org\/{rel}","templated":true}]}}