{"id":14037,"date":"2025-04-21T17:48:04","date_gmt":"2025-04-21T20:48:04","guid":{"rendered":"https:\/\/paraferro.com.br\/loja\/?post_type=product&#038;p=14037"},"modified":"2025-06-09T14:59:19","modified_gmt":"2025-06-09T17:59:19","slug":"perfil-w","status":"publish","type":"product","link":"https:\/\/paraferro.com.br\/loja\/produto\/perfil-w\/","title":{"rendered":"Perfil W"},"content":{"rendered":"<p class=\"cvGsUA direction-ltr align-justify para-style-body\"><span class=\"OYPEnA font-feature-liga-off font-feature-clig-off font-feature-calt-off text-decoration-none text-strikethrough-none\">\u00c9 um tipo de a\u00e7o estrutural, sua lamina\u00e7\u00e3o \u00e9 realizada de forma que o produto apresente alta resist\u00eancia, aliada a benef\u00edcios como precis\u00e3o, qualidade e seguran\u00e7a. Isso significa que o perfil W garante que a constru\u00e7\u00e3o seja capaz de suportar um elevado peso, al\u00e9m de ser mais leve que perfis tradicionais.<\/span><\/p>\n<p class=\"cvGsUA direction-ltr align-justify para-style-body\"><span class=\"OYPEnA font-feature-liga-off font-feature-clig-off font-feature-calt-off text-decoration-none text-strikethrough-none\">O perfil W possuem abas paralelas que permitem melhores solu\u00e7\u00f5es de liga\u00e7\u00f5es, encaixes e acabamentos estruturais.<\/span><\/p>\n<p>&nbsp;<\/p>\n<div><\/div>\n","protected":false},"excerpt":{"rendered":"<p class=\"cvGsUA direction-ltr align-justify para-style-body\"><span class=\"OYPEnA font-feature-liga-off font-feature-clig-off font-feature-calt-off text-decoration-none text-strikethrough-none\">\u00c9 um tipo de a\u00e7o estrutural, sua lamina\u00e7\u00e3o \u00e9 realizada de forma que o produto apresente alta resist\u00eancia, aliada a benef\u00edcios como precis\u00e3o, qualidade e seguran\u00e7a. Isso significa que o perfil W garante que a constru\u00e7\u00e3o seja capaz de suportar um elevado peso, al\u00e9m de ser mais leve que perfis tradicionais.<\/span><\/p>\n<p class=\"cvGsUA direction-ltr align-justify para-style-body\"><span class=\"OYPEnA font-feature-liga-off font-feature-clig-off font-feature-calt-off text-decoration-none text-strikethrough-none\">O perfil W possuem abas paralelas que permitem melhores solu\u00e7\u00f5es de liga\u00e7\u00f5es, encaixes e acabamentos estruturais<\/span><\/p>\n","protected":false},"featured_media":14038,"template":"","meta":{"_joinchat":[]},"product_brand":[],"product_cat":[16,17,285,245],"product_tag":[],"class_list":{"0":"post-14037","1":"product","2":"type-product","3":"status-publish","4":"has-post-thumbnail","6":"product_cat-construcao-naval","7":"product_cat-estruturas-metalicas","8":"product_cat-perfil","9":"product_cat-perfil-i-w","11":"first","12":"instock","13":"shipping-taxable","14":"purchasable","15":"product-type-variable"},"_links":{"self":[{"href":"https:\/\/paraferro.com.br\/loja\/wp-json\/wp\/v2\/product\/14037","targetHints":{"allow":["GET"]}}],"collection":[{"href":"https:\/\/paraferro.com.br\/loja\/wp-json\/wp\/v2\/product"}],"about":[{"href":"https:\/\/paraferro.com.br\/loja\/wp-json\/wp\/v2\/types\/product"}],"wp:featuredmedia":[{"embeddable":true,"href":"https:\/\/paraferro.com.br\/loja\/wp-json\/wp\/v2\/media\/14038"}],"wp:attachment":[{"href":"https:\/\/paraferro.com.br\/loja\/wp-json\/wp\/v2\/media?parent=14037"}],"wp:term":[{"taxonomy":"product_brand","embeddable":true,"href":"https:\/\/paraferro.com.br\/loja\/wp-json\/wp\/v2\/product_brand?post=14037"},{"taxonomy":"product_cat","embeddable":true,"href":"https:\/\/paraferro.com.br\/loja\/wp-json\/wp\/v2\/product_cat?post=14037"},{"taxonomy":"product_tag","embeddable":true,"href":"https:\/\/paraferro.com.br\/loja\/wp-json\/wp\/v2\/product_tag?post=14037"}],"curies":[{"name":"wp","href":"https:\/\/api.w.org\/{rel}","templated":true}]}}