{"id":1383,"date":"2019-08-23T17:23:27","date_gmt":"2019-08-23T20:23:27","guid":{"rendered":"http:\/\/paraferro.com.br\/loja\/?post_type=product&#038;p=1383"},"modified":"2025-07-21T15:09:17","modified_gmt":"2025-07-21T18:09:17","slug":"chapa-perfurada","status":"publish","type":"product","link":"https:\/\/paraferro.com.br\/loja\/produto\/chapa-perfurada\/","title":{"rendered":"CHAPA PERFURADA"},"content":{"rendered":"<p><span class=\"OYPEnA font-feature-liga-off font-feature-clig-off font-feature-calt-off text-decoration-none text-strikethrough-none\">Chapa met\u00e1lica com furos em diversos formatos e tamanhos. Combina resist\u00eancia com leveza e \u00e9 muito usada em fachadas, forros, prote\u00e7\u00f5es de m\u00e1quinas e projetos de design, oferecendo ventila\u00e7\u00e3o e efeito decorativo.<\/span><\/p>\n","protected":false},"excerpt":{"rendered":"<p>Chapa met\u00e1lica com furos em diversos formatos e tamanhos. Combina resist\u00eancia com leveza e \u00e9 muito usada em fachadas, forros, prote\u00e7\u00f5es de m\u00e1quinas e projetos de design, oferecendo ventila\u00e7\u00e3o e efeito decorativo.<\/p>\n","protected":false},"featured_media":16773,"template":"","meta":{"_joinchat":[]},"product_brand":[],"product_cat":[292],"product_tag":[],"class_list":{"0":"post-1383","1":"product","2":"type-product","3":"status-publish","4":"has-post-thumbnail","6":"product_cat-chapas","8":"first","9":"instock","10":"shipping-taxable","11":"purchasable","12":"product-type-variable"},"_links":{"self":[{"href":"https:\/\/paraferro.com.br\/loja\/wp-json\/wp\/v2\/product\/1383","targetHints":{"allow":["GET"]}}],"collection":[{"href":"https:\/\/paraferro.com.br\/loja\/wp-json\/wp\/v2\/product"}],"about":[{"href":"https:\/\/paraferro.com.br\/loja\/wp-json\/wp\/v2\/types\/product"}],"wp:featuredmedia":[{"embeddable":true,"href":"https:\/\/paraferro.com.br\/loja\/wp-json\/wp\/v2\/media\/16773"}],"wp:attachment":[{"href":"https:\/\/paraferro.com.br\/loja\/wp-json\/wp\/v2\/media?parent=1383"}],"wp:term":[{"taxonomy":"product_brand","embeddable":true,"href":"https:\/\/paraferro.com.br\/loja\/wp-json\/wp\/v2\/product_brand?post=1383"},{"taxonomy":"product_cat","embeddable":true,"href":"https:\/\/paraferro.com.br\/loja\/wp-json\/wp\/v2\/product_cat?post=1383"},{"taxonomy":"product_tag","embeddable":true,"href":"https:\/\/paraferro.com.br\/loja\/wp-json\/wp\/v2\/product_tag?post=1383"}],"curies":[{"name":"wp","href":"https:\/\/api.w.org\/{rel}","templated":true}]}}