{"id":1370,"date":"2019-08-23T17:11:36","date_gmt":"2019-08-23T20:11:36","guid":{"rendered":"http:\/\/paraferro.com.br\/loja\/produto\/chapa-galvanizada-n-16-155mm-3-x-1\/"},"modified":"2025-07-21T14:54:33","modified_gmt":"2025-07-21T17:54:33","slug":"chapa-galvanizada","status":"publish","type":"product","link":"https:\/\/paraferro.com.br\/loja\/produto\/chapa-galvanizada\/","title":{"rendered":"CHAPA GALVANIZADA"},"content":{"rendered":"<p class=\"\" data-start=\"164\" data-end=\"506\"><span class=\"OYPEnA font-feature-liga-off font-feature-clig-off font-feature-calt-off text-decoration-none text-strikethrough-none\">Chapa de a\u00e7o revestida com zinco para prote\u00e7\u00e3o contra corros\u00e3o. \u00c9 resistente, dur\u00e1vel e muito usada em telhados, calhas, rufos, dutos e estruturas met\u00e1licas. Ideal para ambientes internos e externos.<\/span><\/p>\n","protected":false},"excerpt":{"rendered":"<p>Chapa de a\u00e7o revestida com zinco para prote\u00e7\u00e3o contra corros\u00e3o. \u00c9 resistente, dur\u00e1vel e muito usada em telhados, calhas, rufos, dutos e estruturas met\u00e1licas. Ideal para ambientes internos e externos.<\/p>\n","protected":false},"featured_media":16737,"template":"","meta":{"_joinchat":[]},"product_brand":[],"product_cat":[292,22],"product_tag":[],"class_list":{"0":"post-1370","1":"product","2":"type-product","3":"status-publish","4":"has-post-thumbnail","6":"product_cat-chapas","7":"product_cat-serralheria","9":"first","10":"instock","11":"shipping-taxable","12":"purchasable","13":"product-type-variable"},"_links":{"self":[{"href":"https:\/\/paraferro.com.br\/loja\/wp-json\/wp\/v2\/product\/1370","targetHints":{"allow":["GET"]}}],"collection":[{"href":"https:\/\/paraferro.com.br\/loja\/wp-json\/wp\/v2\/product"}],"about":[{"href":"https:\/\/paraferro.com.br\/loja\/wp-json\/wp\/v2\/types\/product"}],"wp:featuredmedia":[{"embeddable":true,"href":"https:\/\/paraferro.com.br\/loja\/wp-json\/wp\/v2\/media\/16737"}],"wp:attachment":[{"href":"https:\/\/paraferro.com.br\/loja\/wp-json\/wp\/v2\/media?parent=1370"}],"wp:term":[{"taxonomy":"product_brand","embeddable":true,"href":"https:\/\/paraferro.com.br\/loja\/wp-json\/wp\/v2\/product_brand?post=1370"},{"taxonomy":"product_cat","embeddable":true,"href":"https:\/\/paraferro.com.br\/loja\/wp-json\/wp\/v2\/product_cat?post=1370"},{"taxonomy":"product_tag","embeddable":true,"href":"https:\/\/paraferro.com.br\/loja\/wp-json\/wp\/v2\/product_tag?post=1370"}],"curies":[{"name":"wp","href":"https:\/\/api.w.org\/{rel}","templated":true}]}}