{"id":13634,"date":"2025-05-12T14:55:19","date_gmt":"2025-05-12T17:55:19","guid":{"rendered":"https:\/\/paraferro.com.br\/loja\/?post_type=product&#038;p=13634"},"modified":"2025-05-12T14:55:19","modified_gmt":"2025-05-12T17:55:19","slug":"chapa-de-aco","status":"publish","type":"product","link":"https:\/\/paraferro.com.br\/loja\/produto\/chapa-de-aco\/","title":{"rendered":"Chapa de a\u00e7o"},"content":{"rendered":"<p class=\"\" data-start=\"154\" data-end=\"480\">A chapa de a\u00e7o \u00e9 um material essencial na serralheria e constru\u00e7\u00e3o met\u00e1lica, utilizada na fabrica\u00e7\u00e3o de estruturas, port\u00f5es, esquadrias, tampas e pe\u00e7as diversas. Oferece excelente resist\u00eancia mec\u00e2nica, facilidade de corte, dobra e soldagem, sendo indicada para projetos que exigem robustez, durabilidade e acabamento vers\u00e1til.<\/p>\n<p class=\"\" data-start=\"154\" data-end=\"480\"><strong data-start=\"484\" data-end=\"544\">Consultar medidas no momento da cota\u00e7\u00e3o via WhatsApp.<\/strong><\/p>\n","protected":false},"excerpt":{"rendered":"<p>A chapa de a\u00e7o \u00e9 um material essencial na serralheria e constru\u00e7\u00e3o met\u00e1lica, utilizada na fabrica\u00e7\u00e3o de estruturas, port\u00f5es, esquadrias, tampas e pe\u00e7as diversas. Oferece excelente resist\u00eancia mec\u00e2nica, facilidade de corte, dobra e soldagem, sendo indicada para projetos que exigem robustez, durabilidade e acabamento vers\u00e1til. Consultar medidas no momento da cota\u00e7\u00e3o via WhatsApp.<\/p>\n","protected":false},"featured_media":14091,"template":"","meta":{"_joinchat":[]},"product_brand":[],"product_cat":[292,22],"product_tag":[],"class_list":{"0":"post-13634","1":"product","2":"type-product","3":"status-publish","4":"has-post-thumbnail","6":"product_cat-chapas","7":"product_cat-serralheria","9":"first","10":"instock","11":"shipping-taxable","12":"purchasable","13":"product-type-simple"},"_links":{"self":[{"href":"https:\/\/paraferro.com.br\/loja\/wp-json\/wp\/v2\/product\/13634","targetHints":{"allow":["GET"]}}],"collection":[{"href":"https:\/\/paraferro.com.br\/loja\/wp-json\/wp\/v2\/product"}],"about":[{"href":"https:\/\/paraferro.com.br\/loja\/wp-json\/wp\/v2\/types\/product"}],"wp:featuredmedia":[{"embeddable":true,"href":"https:\/\/paraferro.com.br\/loja\/wp-json\/wp\/v2\/media\/14091"}],"wp:attachment":[{"href":"https:\/\/paraferro.com.br\/loja\/wp-json\/wp\/v2\/media?parent=13634"}],"wp:term":[{"taxonomy":"product_brand","embeddable":true,"href":"https:\/\/paraferro.com.br\/loja\/wp-json\/wp\/v2\/product_brand?post=13634"},{"taxonomy":"product_cat","embeddable":true,"href":"https:\/\/paraferro.com.br\/loja\/wp-json\/wp\/v2\/product_cat?post=13634"},{"taxonomy":"product_tag","embeddable":true,"href":"https:\/\/paraferro.com.br\/loja\/wp-json\/wp\/v2\/product_tag?post=13634"}],"curies":[{"name":"wp","href":"https:\/\/api.w.org\/{rel}","templated":true}]}}