{"id":13623,"date":"2024-11-28T05:10:31","date_gmt":"2024-11-28T08:10:31","guid":{"rendered":"https:\/\/paraferro.com.br\/loja\/?post_type=product&#038;p=13623"},"modified":"2025-05-12T16:11:47","modified_gmt":"2025-05-12T19:11:47","slug":"gradil-morlan","status":"publish","type":"product","link":"https:\/\/paraferro.com.br\/loja\/produto\/gradil-morlan\/","title":{"rendered":"Gradil Morlan"},"content":{"rendered":"<p><span class=\"OYPEnA font-feature-liga-off font-feature-clig-off font-feature-calt-off text-decoration-none text-strikethrough-none\">O Gradil Morlan \u00e9 revestido com PVC de alta ader\u00eancia, garantindo durabilidade e resist\u00eancia. Sendo um cercamento de alta qualidade, com 5 anos de garantia, resistente \u00e0 corros\u00e3o, inclusive em \u00e1reas litor\u00e2neas. Seu design diferenciado garante visibilidade, seguran\u00e7a e est\u00e9tica harmoniosa, Fabricado em cores e tamanhos diversos. A nova vers\u00e3o de malha mais fechada atende \u00e0s normas de seguran\u00e7a NR12, impedindo acessos n\u00e3o autorizados sem comprometer a visibilidade.<\/span><\/p>\n<p>&nbsp;<\/p>\n","protected":false},"excerpt":{"rendered":"<p>O Gradil Morlan \u00e9 revestido com PVC de alta ader\u00eancia, garantindo durabilidade e resist\u00eancia. Sendo um cercamento de alta qualidade, com 5 anos de garantia, resistente \u00e0 corros\u00e3o, inclusive em \u00e1reas litor\u00e2neas. Seu design diferenciado garante visibilidade, seguran\u00e7a e est\u00e9tica harmoniosa, Fabricado em cores e tamanhos diversos. A nova vers\u00e3o de malha mais fechada atende \u00e0s normas de seguran\u00e7a NR12, impedindo acessos n\u00e3o autorizados sem comprometer a visibilidade. &nbsp;<\/p>\n","protected":false},"featured_media":14575,"template":"","meta":{"_joinchat":[]},"product_brand":[],"product_cat":[24,233],"product_tag":[],"class_list":{"0":"post-13623","1":"product","2":"type-product","3":"status-publish","4":"has-post-thumbnail","6":"product_cat-cercamento","7":"product_cat-gradil","9":"first","10":"instock","11":"shipping-taxable","12":"purchasable","13":"product-type-variable"},"_links":{"self":[{"href":"https:\/\/paraferro.com.br\/loja\/wp-json\/wp\/v2\/product\/13623","targetHints":{"allow":["GET"]}}],"collection":[{"href":"https:\/\/paraferro.com.br\/loja\/wp-json\/wp\/v2\/product"}],"about":[{"href":"https:\/\/paraferro.com.br\/loja\/wp-json\/wp\/v2\/types\/product"}],"wp:featuredmedia":[{"embeddable":true,"href":"https:\/\/paraferro.com.br\/loja\/wp-json\/wp\/v2\/media\/14575"}],"wp:attachment":[{"href":"https:\/\/paraferro.com.br\/loja\/wp-json\/wp\/v2\/media?parent=13623"}],"wp:term":[{"taxonomy":"product_brand","embeddable":true,"href":"https:\/\/paraferro.com.br\/loja\/wp-json\/wp\/v2\/product_brand?post=13623"},{"taxonomy":"product_cat","embeddable":true,"href":"https:\/\/paraferro.com.br\/loja\/wp-json\/wp\/v2\/product_cat?post=13623"},{"taxonomy":"product_tag","embeddable":true,"href":"https:\/\/paraferro.com.br\/loja\/wp-json\/wp\/v2\/product_tag?post=13623"}],"curies":[{"name":"wp","href":"https:\/\/api.w.org\/{rel}","templated":true}]}}