{"id":1336,"date":"2019-08-23T16:53:25","date_gmt":"2019-08-23T19:53:25","guid":{"rendered":"http:\/\/paraferro.com.br\/loja\/?post_type=product&#038;p=1336"},"modified":"2025-07-21T14:24:14","modified_gmt":"2025-07-21T17:24:14","slug":"cantoneira-t","status":"publish","type":"product","link":"https:\/\/paraferro.com.br\/loja\/produto\/cantoneira-t\/","title":{"rendered":"CANTONEIRA T"},"content":{"rendered":"<p class=\"\" data-start=\"154\" data-end=\"462\"><span class=\"OYPEnA font-feature-liga-off font-feature-clig-off font-feature-calt-off text-decoration-none text-strikethrough-none\">A cantoneira T de a\u00e7o \u00e9 usada em estruturas met\u00e1licas, suportes e refor\u00e7os, garantindo distribui\u00e7\u00e3o de carga e estabilidade. Feita em a\u00e7o carbono ou inox, \u00e9 resistente, vers\u00e1til e f\u00e1cil de aplicar.<\/span><\/p>\n","protected":false},"excerpt":{"rendered":"<p>A cantoneira T de a\u00e7o \u00e9 usada em estruturas met\u00e1licas, suportes e refor\u00e7os, garantindo distribui\u00e7\u00e3o de carga e estabilidade. Feita em a\u00e7o carbono ou inox, \u00e9 resistente, vers\u00e1til e f\u00e1cil de aplicar.<\/p>\n","protected":false},"featured_media":16720,"template":"","meta":{"_joinchat":[]},"product_brand":[],"product_cat":[54,22],"product_tag":[],"class_list":{"0":"post-1336","1":"product","2":"type-product","3":"status-publish","4":"has-post-thumbnail","6":"product_cat-cantoneira-t","7":"product_cat-serralheria","9":"first","10":"instock","11":"shipping-taxable","12":"purchasable","13":"product-type-variable"},"_links":{"self":[{"href":"https:\/\/paraferro.com.br\/loja\/wp-json\/wp\/v2\/product\/1336","targetHints":{"allow":["GET"]}}],"collection":[{"href":"https:\/\/paraferro.com.br\/loja\/wp-json\/wp\/v2\/product"}],"about":[{"href":"https:\/\/paraferro.com.br\/loja\/wp-json\/wp\/v2\/types\/product"}],"wp:featuredmedia":[{"embeddable":true,"href":"https:\/\/paraferro.com.br\/loja\/wp-json\/wp\/v2\/media\/16720"}],"wp:attachment":[{"href":"https:\/\/paraferro.com.br\/loja\/wp-json\/wp\/v2\/media?parent=1336"}],"wp:term":[{"taxonomy":"product_brand","embeddable":true,"href":"https:\/\/paraferro.com.br\/loja\/wp-json\/wp\/v2\/product_brand?post=1336"},{"taxonomy":"product_cat","embeddable":true,"href":"https:\/\/paraferro.com.br\/loja\/wp-json\/wp\/v2\/product_cat?post=1336"},{"taxonomy":"product_tag","embeddable":true,"href":"https:\/\/paraferro.com.br\/loja\/wp-json\/wp\/v2\/product_tag?post=1336"}],"curies":[{"name":"wp","href":"https:\/\/api.w.org\/{rel}","templated":true}]}}