{"id":1332,"date":"2019-08-23T16:50:41","date_gmt":"2019-08-23T19:50:41","guid":{"rendered":"http:\/\/paraferro.com.br\/loja\/produto\/cantoneira-simples-4-x-1-2\/"},"modified":"2025-07-14T14:47:30","modified_gmt":"2025-07-14T17:47:30","slug":"cantoneira-l","status":"publish","type":"product","link":"https:\/\/paraferro.com.br\/loja\/produto\/cantoneira-l\/","title":{"rendered":"CANTONEIRA L"},"content":{"rendered":"<div>\n<p><span class=\"OYPEnA font-feature-liga-off font-feature-clig-off font-feature-calt-off text-decoration-none text-strikethrough-none\">Pode ser utilizada como acabamento, unindo dois materiais ou revestindo duas superf\u00edcies que possuam \u00e2ngulos retos entre si. \u00c9 muito adotada, por exemplo, na montagem de prateleiras em paredes; para revestir cantos de degraus, escadas, pilastras e quinas. Tamb\u00e9m \u00e9 bastante utilizada na serralharia em geral, na fabrica\u00e7\u00e3o de esquadrias, grades e port\u00f5es.<\/span><\/p>\n<p>&nbsp;<\/p>\n<\/div>\n","protected":false},"excerpt":{"rendered":"<p>Pode ser utilizada como acabamento, unindo dois materiais ou revestindo duas superf\u00edcies que possuam \u00e2ngulos retos entre si. \u00c9 muito adotada, por exemplo, na montagem de prateleiras em paredes; para revestir cantos de degraus, escadas, pilastras e quinas. Tamb\u00e9m \u00e9 bastante utilizada na serralharia em geral, na fabrica\u00e7\u00e3o de esquadrias, grades e port\u00f5es. &nbsp;<\/p>\n","protected":false},"featured_media":14287,"template":"","meta":{"_joinchat":[]},"product_brand":[],"product_cat":[286,297,53],"product_tag":[],"class_list":{"0":"post-1332","1":"product","2":"type-product","3":"status-publish","4":"has-post-thumbnail","6":"product_cat-cantoneira-estruturas-metalicas","7":"product_cat-cantoneira-l","8":"product_cat-cantoneira-simples","10":"first","11":"instock","12":"shipping-taxable","13":"purchasable","14":"product-type-variable"},"_links":{"self":[{"href":"https:\/\/paraferro.com.br\/loja\/wp-json\/wp\/v2\/product\/1332","targetHints":{"allow":["GET"]}}],"collection":[{"href":"https:\/\/paraferro.com.br\/loja\/wp-json\/wp\/v2\/product"}],"about":[{"href":"https:\/\/paraferro.com.br\/loja\/wp-json\/wp\/v2\/types\/product"}],"wp:featuredmedia":[{"embeddable":true,"href":"https:\/\/paraferro.com.br\/loja\/wp-json\/wp\/v2\/media\/14287"}],"wp:attachment":[{"href":"https:\/\/paraferro.com.br\/loja\/wp-json\/wp\/v2\/media?parent=1332"}],"wp:term":[{"taxonomy":"product_brand","embeddable":true,"href":"https:\/\/paraferro.com.br\/loja\/wp-json\/wp\/v2\/product_brand?post=1332"},{"taxonomy":"product_cat","embeddable":true,"href":"https:\/\/paraferro.com.br\/loja\/wp-json\/wp\/v2\/product_cat?post=1332"},{"taxonomy":"product_tag","embeddable":true,"href":"https:\/\/paraferro.com.br\/loja\/wp-json\/wp\/v2\/product_tag?post=1332"}],"curies":[{"name":"wp","href":"https:\/\/api.w.org\/{rel}","templated":true}]}}