{"id":1279,"date":"2019-08-23T16:34:56","date_gmt":"2019-08-23T19:34:56","guid":{"rendered":"http:\/\/paraferro.com.br\/loja\/produto\/barra-quadrada-1-2-6mts\/"},"modified":"2025-05-12T14:14:08","modified_gmt":"2025-05-12T17:14:08","slug":"barra-quadrada","status":"publish","type":"product","link":"https:\/\/paraferro.com.br\/loja\/produto\/barra-quadrada\/","title":{"rendered":"BARRA QUADRADA"},"content":{"rendered":"<p class=\"\" data-start=\"157\" data-end=\"502\">A barra quadrada \u00e9 amplamente utilizada em estruturas met\u00e1licas, port\u00f5es, grades, esquadrias e projetos de serralheria em geral. Fabricada em a\u00e7o, oferece alta resist\u00eancia mec\u00e2nica, boa soldabilidade e excelente desempenho em aplica\u00e7\u00f5es que exigem firmeza e durabilidade. \u00c9 um material vers\u00e1til para obras residenciais, comerciais e industriais.<\/p>\n<p class=\"\" data-start=\"157\" data-end=\"502\"><strong data-start=\"506\" data-end=\"566\">Consultar medidas no momento da cota\u00e7\u00e3o via WhatsApp.<\/strong><\/p>\n","protected":false},"excerpt":{"rendered":"<p>A barra quadrada \u00e9 amplamente utilizada em estruturas met\u00e1licas, port\u00f5es, grades, esquadrias e projetos de serralheria em geral. Fabricada em a\u00e7o, oferece alta resist\u00eancia mec\u00e2nica, boa soldabilidade e excelente desempenho em aplica\u00e7\u00f5es que exigem firmeza e durabilidade. \u00c9 um material vers\u00e1til para obras residenciais, comerciais e industriais. Consultar medidas no momento da cota\u00e7\u00e3o via WhatsApp.<\/p>\n","protected":false},"featured_media":1277,"template":"","meta":{"_joinchat":[]},"product_brand":[],"product_cat":[51,22],"product_tag":[],"class_list":{"0":"post-1279","1":"product","2":"type-product","3":"status-publish","4":"has-post-thumbnail","6":"product_cat-barra-quadrada","7":"product_cat-serralheria","9":"first","10":"instock","11":"shipping-taxable","12":"purchasable","13":"product-type-simple"},"_links":{"self":[{"href":"https:\/\/paraferro.com.br\/loja\/wp-json\/wp\/v2\/product\/1279","targetHints":{"allow":["GET"]}}],"collection":[{"href":"https:\/\/paraferro.com.br\/loja\/wp-json\/wp\/v2\/product"}],"about":[{"href":"https:\/\/paraferro.com.br\/loja\/wp-json\/wp\/v2\/types\/product"}],"wp:featuredmedia":[{"embeddable":true,"href":"https:\/\/paraferro.com.br\/loja\/wp-json\/wp\/v2\/media\/1277"}],"wp:attachment":[{"href":"https:\/\/paraferro.com.br\/loja\/wp-json\/wp\/v2\/media?parent=1279"}],"wp:term":[{"taxonomy":"product_brand","embeddable":true,"href":"https:\/\/paraferro.com.br\/loja\/wp-json\/wp\/v2\/product_brand?post=1279"},{"taxonomy":"product_cat","embeddable":true,"href":"https:\/\/paraferro.com.br\/loja\/wp-json\/wp\/v2\/product_cat?post=1279"},{"taxonomy":"product_tag","embeddable":true,"href":"https:\/\/paraferro.com.br\/loja\/wp-json\/wp\/v2\/product_tag?post=1279"}],"curies":[{"name":"wp","href":"https:\/\/api.w.org\/{rel}","templated":true}]}}