{"id":1231,"date":"2019-08-23T16:21:21","date_gmt":"2019-08-23T19:21:21","guid":{"rendered":"http:\/\/paraferro.com.br\/loja\/?post_type=product&#038;p=1231"},"modified":"2025-07-21T13:19:29","modified_gmt":"2025-07-21T16:19:29","slug":"mola-aco","status":"publish","type":"product","link":"https:\/\/paraferro.com.br\/loja\/produto\/mola-aco\/","title":{"rendered":"MOLA A\u00c7O"},"content":{"rendered":"<p class=\"cvGsUA direction-ltr align-justify para-style-body\"><span class=\"OYPEnA font-feature-liga-off font-feature-clig-off font-feature-calt-off text-decoration-none text-strikethrough-none\">Componente met\u00e1lico com alta elasticidade e resist\u00eancia, usado para armazenar e liberar energia mec\u00e2nica.<\/span><\/p>\n<p class=\"cvGsUA direction-ltr align-justify para-style-body\"><span class=\"OYPEnA font-feature-liga-off font-feature-clig-off font-feature-calt-off text-decoration-none text-strikethrough-none\">Muito utilizada em ve\u00edculos, m\u00e1quinas, ferramentas e sistemas de abertura. Garante controle de movimento e absor\u00e7\u00e3o de impactos.<\/span><\/p>\n<p class=\"\" data-start=\"152\" data-end=\"477\">\n","protected":false},"excerpt":{"rendered":"<p>Componente met\u00e1lico com alta elasticidade e resist\u00eancia, usado para armazenar e liberar energia mec\u00e2nica. Muito utilizada em ve\u00edculos, m\u00e1quinas, ferramentas e sistemas de abertura. Garante controle de movimento e absor\u00e7\u00e3o de impactos.<\/p>\n","protected":false},"featured_media":16707,"template":"","meta":{"_joinchat":[]},"product_brand":[],"product_cat":[49],"product_tag":[],"class_list":{"0":"post-1231","1":"product","2":"type-product","3":"status-publish","4":"has-post-thumbnail","6":"product_cat-mola-aco","8":"first","9":"instock","10":"shipping-taxable","11":"purchasable","12":"product-type-variable","13":"has-default-attributes"},"_links":{"self":[{"href":"https:\/\/paraferro.com.br\/loja\/wp-json\/wp\/v2\/product\/1231","targetHints":{"allow":["GET"]}}],"collection":[{"href":"https:\/\/paraferro.com.br\/loja\/wp-json\/wp\/v2\/product"}],"about":[{"href":"https:\/\/paraferro.com.br\/loja\/wp-json\/wp\/v2\/types\/product"}],"wp:featuredmedia":[{"embeddable":true,"href":"https:\/\/paraferro.com.br\/loja\/wp-json\/wp\/v2\/media\/16707"}],"wp:attachment":[{"href":"https:\/\/paraferro.com.br\/loja\/wp-json\/wp\/v2\/media?parent=1231"}],"wp:term":[{"taxonomy":"product_brand","embeddable":true,"href":"https:\/\/paraferro.com.br\/loja\/wp-json\/wp\/v2\/product_brand?post=1231"},{"taxonomy":"product_cat","embeddable":true,"href":"https:\/\/paraferro.com.br\/loja\/wp-json\/wp\/v2\/product_cat?post=1231"},{"taxonomy":"product_tag","embeddable":true,"href":"https:\/\/paraferro.com.br\/loja\/wp-json\/wp\/v2\/product_tag?post=1231"}],"curies":[{"name":"wp","href":"https:\/\/api.w.org\/{rel}","templated":true}]}}