{"id":1229,"date":"2019-08-23T16:20:28","date_gmt":"2019-08-23T19:20:28","guid":{"rendered":"http:\/\/paraferro.com.br\/loja\/?post_type=product&#038;p=1229"},"modified":"2025-07-21T13:09:31","modified_gmt":"2025-07-21T16:09:31","slug":"fita-aco","status":"publish","type":"product","link":"https:\/\/paraferro.com.br\/loja\/produto\/fita-aco\/","title":{"rendered":"Fita de A\u00e7o"},"content":{"rendered":"<p class=\"\" data-start=\"152\" data-end=\"486\">A fita de a\u00e7o \u00e9 utilizada em amarra\u00e7\u00f5es, fixa\u00e7\u00f5es e travamentos de pe\u00e7as met\u00e1licas, tubos e estruturas em geral. Fabricada em a\u00e7o resistente, proporciona firmeza e seguran\u00e7a em aplica\u00e7\u00f5es industriais, log\u00edsticas e de serralheria. \u00c9 compat\u00edvel com fechos met\u00e1licos e indicada para uso em ambientes que exigem alta resist\u00eancia mec\u00e2nica.<\/p>\n<p class=\"\" data-start=\"152\" data-end=\"486\">\n","protected":false},"excerpt":{"rendered":"<p>A fita de a\u00e7o \u00e9 utilizada em amarra\u00e7\u00f5es, fixa\u00e7\u00f5es e travamentos de pe\u00e7as met\u00e1licas, tubos e estruturas em geral. Fabricada em a\u00e7o resistente, proporciona firmeza e seguran\u00e7a em aplica\u00e7\u00f5es industriais, log\u00edsticas e de serralheria. \u00c9 compat\u00edvel com fechos met\u00e1licos e indicada para uso em ambientes que exigem alta resist\u00eancia mec\u00e2nica.<\/p>\n","protected":false},"featured_media":16704,"template":"","meta":{"_joinchat":[]},"product_brand":[],"product_cat":[48],"product_tag":[],"class_list":{"0":"post-1229","1":"product","2":"type-product","3":"status-publish","4":"has-post-thumbnail","6":"product_cat-fita-aco","8":"first","9":"instock","10":"shipping-taxable","11":"purchasable","12":"product-type-variable","13":"has-default-attributes"},"_links":{"self":[{"href":"https:\/\/paraferro.com.br\/loja\/wp-json\/wp\/v2\/product\/1229","targetHints":{"allow":["GET"]}}],"collection":[{"href":"https:\/\/paraferro.com.br\/loja\/wp-json\/wp\/v2\/product"}],"about":[{"href":"https:\/\/paraferro.com.br\/loja\/wp-json\/wp\/v2\/types\/product"}],"wp:featuredmedia":[{"embeddable":true,"href":"https:\/\/paraferro.com.br\/loja\/wp-json\/wp\/v2\/media\/16704"}],"wp:attachment":[{"href":"https:\/\/paraferro.com.br\/loja\/wp-json\/wp\/v2\/media?parent=1229"}],"wp:term":[{"taxonomy":"product_brand","embeddable":true,"href":"https:\/\/paraferro.com.br\/loja\/wp-json\/wp\/v2\/product_brand?post=1229"},{"taxonomy":"product_cat","embeddable":true,"href":"https:\/\/paraferro.com.br\/loja\/wp-json\/wp\/v2\/product_cat?post=1229"},{"taxonomy":"product_tag","embeddable":true,"href":"https:\/\/paraferro.com.br\/loja\/wp-json\/wp\/v2\/product_tag?post=1229"}],"curies":[{"name":"wp","href":"https:\/\/api.w.org\/{rel}","templated":true}]}}