{"id":1228,"date":"2019-08-23T16:18:00","date_gmt":"2019-08-23T19:18:00","guid":{"rendered":"http:\/\/paraferro.com.br\/loja\/produto\/vergalhao-ca-60-6-0-vara-12mmts\/"},"modified":"2025-06-05T10:15:36","modified_gmt":"2025-06-05T13:15:36","slug":"vergalhao-ca-60","status":"publish","type":"product","link":"https:\/\/paraferro.com.br\/loja\/produto\/vergalhao-ca-60\/","title":{"rendered":"VERGALHAO CA-60"},"content":{"rendered":"<p><span class=\"OYPEnA font-feature-liga-off font-feature-clig-off font-feature-calt-off text-decoration-none text-strikethrough-none\">O vergalh\u00e3o CA-60 \u00e9 uma barra de a\u00e7o de alta resist\u00eancia, ideal para concreto armado em estruturas de grande porte e alta performance, como pontes e edif\u00edcios altos. Com resist\u00eancia \u00e0 tra\u00e7\u00e3o extrema, alta ductilidade e superf\u00edcie nervurada, garante ader\u00eancia ao concreto e durabilidade. \u00c9 amplamente utilizado em infraestruturas pesadas e obras exigentes.<\/span><\/p>\n<div><\/div>\n","protected":false},"excerpt":{"rendered":"<p>O vergalh\u00e3o CA-60 \u00e9 uma barra de a\u00e7o de alta resist\u00eancia, ideal para concreto armado em estruturas de grande porte e alta performance, como pontes e edif\u00edcios altos. Com resist\u00eancia \u00e0 tra\u00e7\u00e3o extrema, alta ductilidade e superf\u00edcie nervurada, garante ader\u00eancia ao concreto e durabilidade. \u00c9 amplamente utilizado em infraestruturas pesadas e obras exigentes.<\/p>\n","protected":false},"featured_media":14126,"template":"","meta":{"_joinchat":[]},"product_brand":[],"product_cat":[288],"product_tag":[],"class_list":{"0":"post-1228","1":"product","2":"type-product","3":"status-publish","4":"has-post-thumbnail","6":"product_cat-vergalhao","8":"first","9":"instock","10":"shipping-taxable","11":"purchasable","12":"product-type-variable"},"_links":{"self":[{"href":"https:\/\/paraferro.com.br\/loja\/wp-json\/wp\/v2\/product\/1228","targetHints":{"allow":["GET"]}}],"collection":[{"href":"https:\/\/paraferro.com.br\/loja\/wp-json\/wp\/v2\/product"}],"about":[{"href":"https:\/\/paraferro.com.br\/loja\/wp-json\/wp\/v2\/types\/product"}],"wp:featuredmedia":[{"embeddable":true,"href":"https:\/\/paraferro.com.br\/loja\/wp-json\/wp\/v2\/media\/14126"}],"wp:attachment":[{"href":"https:\/\/paraferro.com.br\/loja\/wp-json\/wp\/v2\/media?parent=1228"}],"wp:term":[{"taxonomy":"product_brand","embeddable":true,"href":"https:\/\/paraferro.com.br\/loja\/wp-json\/wp\/v2\/product_brand?post=1228"},{"taxonomy":"product_cat","embeddable":true,"href":"https:\/\/paraferro.com.br\/loja\/wp-json\/wp\/v2\/product_cat?post=1228"},{"taxonomy":"product_tag","embeddable":true,"href":"https:\/\/paraferro.com.br\/loja\/wp-json\/wp\/v2\/product_tag?post=1228"}],"curies":[{"name":"wp","href":"https:\/\/api.w.org\/{rel}","templated":true}]}}