{"id":1220,"date":"2019-08-23T16:12:53","date_gmt":"2019-08-23T19:12:53","guid":{"rendered":"http:\/\/paraferro.com.br\/loja\/produto\/vergalhao-ca-50-nervurado-1-2500mm-12mts\/"},"modified":"2025-06-05T10:01:37","modified_gmt":"2025-06-05T13:01:37","slug":"vergalhao-ca-50","status":"publish","type":"product","link":"https:\/\/paraferro.com.br\/loja\/produto\/vergalhao-ca-50\/","title":{"rendered":"VERGALHAO CA-50"},"content":{"rendered":"<p><span class=\"OYPEnA font-feature-liga-off font-feature-clig-off font-feature-calt-off text-decoration-none text-strikethrough-none\">O vergalh\u00e3o CA-50 \u00e9 um tipo de barra de a\u00e7o de alta resist\u00eancia utilizado em concreto armado. De acordo com a norma CA-50, ele apresenta uma capacidade superior de suportar esfor\u00e7os de tra\u00e7\u00e3o, sendo ideal para estruturas que exigem alta performance. Com uma resist\u00eancia maior do que o vergalh\u00e3o CA-25, \u00e9 amplamente utilizado em obras de grande porte, como pontes, edif\u00edcios altos e infraestruturas pesadas.<\/span><\/p>\n<p>&nbsp;<\/p>\n","protected":false},"excerpt":{"rendered":"<p>O vergalh\u00e3o CA-50 \u00e9 um tipo de barra de a\u00e7o de alta resist\u00eancia utilizado em concreto armado. De acordo com a norma CA-50, ele apresenta uma capacidade superior de suportar esfor\u00e7os de tra\u00e7\u00e3o, sendo ideal para estruturas que exigem alta performance. Com uma resist\u00eancia maior do que o vergalh\u00e3o CA-25, \u00e9 amplamente utilizado em obras de grande porte, como pontes, edif\u00edcios altos e infraestruturas pesadas. &nbsp;<\/p>\n","protected":false},"featured_media":14126,"template":"","meta":{"_joinchat":[]},"product_brand":[],"product_cat":[23,288],"product_tag":[],"class_list":{"0":"post-1220","1":"product","2":"type-product","3":"status-publish","4":"has-post-thumbnail","6":"product_cat-construcao-civil","7":"product_cat-vergalhao","9":"first","10":"instock","11":"shipping-taxable","12":"purchasable","13":"product-type-variable","14":"has-default-attributes"},"_links":{"self":[{"href":"https:\/\/paraferro.com.br\/loja\/wp-json\/wp\/v2\/product\/1220","targetHints":{"allow":["GET"]}}],"collection":[{"href":"https:\/\/paraferro.com.br\/loja\/wp-json\/wp\/v2\/product"}],"about":[{"href":"https:\/\/paraferro.com.br\/loja\/wp-json\/wp\/v2\/types\/product"}],"wp:featuredmedia":[{"embeddable":true,"href":"https:\/\/paraferro.com.br\/loja\/wp-json\/wp\/v2\/media\/14126"}],"wp:attachment":[{"href":"https:\/\/paraferro.com.br\/loja\/wp-json\/wp\/v2\/media?parent=1220"}],"wp:term":[{"taxonomy":"product_brand","embeddable":true,"href":"https:\/\/paraferro.com.br\/loja\/wp-json\/wp\/v2\/product_brand?post=1220"},{"taxonomy":"product_cat","embeddable":true,"href":"https:\/\/paraferro.com.br\/loja\/wp-json\/wp\/v2\/product_cat?post=1220"},{"taxonomy":"product_tag","embeddable":true,"href":"https:\/\/paraferro.com.br\/loja\/wp-json\/wp\/v2\/product_tag?post=1220"}],"curies":[{"name":"wp","href":"https:\/\/api.w.org\/{rel}","templated":true}]}}