{"id":1207,"date":"2019-08-23T15:59:52","date_gmt":"2019-08-23T18:59:52","guid":{"rendered":"http:\/\/paraferro.com.br\/loja\/?post_type=product&#038;p=1207"},"modified":"2025-08-25T14:18:49","modified_gmt":"2025-08-25T17:18:49","slug":"trelica","status":"publish","type":"product","link":"https:\/\/paraferro.com.br\/loja\/produto\/trelica\/","title":{"rendered":"TRELI\u00c7A"},"content":{"rendered":"<p><span class=\"OYPEnA font-feature-liga-off font-feature-clig-off font-feature-calt-off text-decoration-none text-strikethrough-none\">A treli\u00e7a \u00e9 uma estrutura geom\u00e9trica de barras interligadas que oferece alta resist\u00eancia, leveza e durabilidade. Comum em telhados, pontes e estruturas de suporte, ela suporta grandes cargas sem adicionar peso \u00e0 constru\u00e7\u00e3o, sendo vers\u00e1til e eficiente para diversos tipos de obras.<\/span><\/p>\n<p>&nbsp;<\/p>\n","protected":false},"excerpt":{"rendered":"<p>A treli\u00e7a \u00e9 uma estrutura geom\u00e9trica de barras interligadas que oferece alta resist\u00eancia, leveza e durabilidade. Comum em telhados, pontes e estruturas de suporte, ela suporta grandes cargas sem adicionar peso \u00e0 constru\u00e7\u00e3o, sendo vers\u00e1til e eficiente para diversos tipos de obras. &nbsp;<\/p>\n","protected":false},"featured_media":1208,"template":"","meta":{"_joinchat":[]},"product_brand":[],"product_cat":[45],"product_tag":[],"class_list":{"0":"post-1207","1":"product","2":"type-product","3":"status-publish","4":"has-post-thumbnail","6":"product_cat-trelica","8":"first","9":"instock","10":"shipping-taxable","11":"purchasable","12":"product-type-variable"},"_links":{"self":[{"href":"https:\/\/paraferro.com.br\/loja\/wp-json\/wp\/v2\/product\/1207","targetHints":{"allow":["GET"]}}],"collection":[{"href":"https:\/\/paraferro.com.br\/loja\/wp-json\/wp\/v2\/product"}],"about":[{"href":"https:\/\/paraferro.com.br\/loja\/wp-json\/wp\/v2\/types\/product"}],"wp:featuredmedia":[{"embeddable":true,"href":"https:\/\/paraferro.com.br\/loja\/wp-json\/wp\/v2\/media\/1208"}],"wp:attachment":[{"href":"https:\/\/paraferro.com.br\/loja\/wp-json\/wp\/v2\/media?parent=1207"}],"wp:term":[{"taxonomy":"product_brand","embeddable":true,"href":"https:\/\/paraferro.com.br\/loja\/wp-json\/wp\/v2\/product_brand?post=1207"},{"taxonomy":"product_cat","embeddable":true,"href":"https:\/\/paraferro.com.br\/loja\/wp-json\/wp\/v2\/product_cat?post=1207"},{"taxonomy":"product_tag","embeddable":true,"href":"https:\/\/paraferro.com.br\/loja\/wp-json\/wp\/v2\/product_tag?post=1207"}],"curies":[{"name":"wp","href":"https:\/\/api.w.org\/{rel}","templated":true}]}}