{"id":1206,"date":"2019-08-23T15:50:42","date_gmt":"2019-08-23T18:50:42","guid":{"rendered":"http:\/\/paraferro.com.br\/loja\/produto\/tela-soldada-q-283-245-x-600m-100x100-arame-6-0x6-0\/"},"modified":"2025-06-05T09:33:02","modified_gmt":"2025-06-05T12:33:02","slug":"tela-soldada-q","status":"publish","type":"product","link":"https:\/\/paraferro.com.br\/loja\/produto\/tela-soldada-q\/","title":{"rendered":"TELA SOLDADA Q"},"content":{"rendered":"<p><span class=\"OYPEnA font-feature-liga-off font-feature-clig-off font-feature-calt-off text-decoration-none text-strikethrough-none\">A refer\u00eancia &#8220;Q&#8221; nas telas soldadas indica uma malha quadrada, com a mesma \u00e1rea de se\u00e7\u00e3o de a\u00e7o por metro quadrado em ambas as dire\u00e7\u00f5es, garantindo uniformidade na resist\u00eancia. O n\u00famero, como &#8220;138&#8221; em Q 138, representa a \u00e1rea total da se\u00e7\u00e3o de a\u00e7o em mm\u00b2\/m, indicando sua capacidade de suporte estrutural.<\/span><\/p>\n","protected":false},"excerpt":{"rendered":"<p>A refer\u00eancia &#8220;Q&#8221; nas telas soldadas indica uma malha quadrada, com a mesma \u00e1rea de se\u00e7\u00e3o de a\u00e7o por metro quadrado em ambas as dire\u00e7\u00f5es, garantindo uniformidade na resist\u00eancia. O n\u00famero, como &#8220;138&#8221; em Q 138, representa a \u00e1rea total da se\u00e7\u00e3o de a\u00e7o em mm\u00b2\/m, indicando sua capacidade de suporte estrutural.<\/p>\n","protected":false},"featured_media":14181,"template":"","meta":{"_joinchat":[]},"product_brand":[],"product_cat":[44],"product_tag":[],"class_list":{"0":"post-1206","1":"product","2":"type-product","3":"status-publish","4":"has-post-thumbnail","6":"product_cat-tela-soldada-construcao-civil","8":"first","9":"instock","10":"shipping-taxable","11":"purchasable","12":"product-type-variable"},"_links":{"self":[{"href":"https:\/\/paraferro.com.br\/loja\/wp-json\/wp\/v2\/product\/1206","targetHints":{"allow":["GET"]}}],"collection":[{"href":"https:\/\/paraferro.com.br\/loja\/wp-json\/wp\/v2\/product"}],"about":[{"href":"https:\/\/paraferro.com.br\/loja\/wp-json\/wp\/v2\/types\/product"}],"wp:featuredmedia":[{"embeddable":true,"href":"https:\/\/paraferro.com.br\/loja\/wp-json\/wp\/v2\/media\/14181"}],"wp:attachment":[{"href":"https:\/\/paraferro.com.br\/loja\/wp-json\/wp\/v2\/media?parent=1206"}],"wp:term":[{"taxonomy":"product_brand","embeddable":true,"href":"https:\/\/paraferro.com.br\/loja\/wp-json\/wp\/v2\/product_brand?post=1206"},{"taxonomy":"product_cat","embeddable":true,"href":"https:\/\/paraferro.com.br\/loja\/wp-json\/wp\/v2\/product_cat?post=1206"},{"taxonomy":"product_tag","embeddable":true,"href":"https:\/\/paraferro.com.br\/loja\/wp-json\/wp\/v2\/product_tag?post=1206"}],"curies":[{"name":"wp","href":"https:\/\/api.w.org\/{rel}","templated":true}]}}