{"id":1198,"date":"2019-08-23T15:50:42","date_gmt":"2019-08-23T18:50:42","guid":{"rendered":"http:\/\/paraferro.com.br\/loja\/produto\/tela-soldada-mf138-0975x120m-malha-100x200-arame-4-2x3-4\/"},"modified":"2025-06-05T09:28:51","modified_gmt":"2025-06-05T12:28:51","slug":"tela-soldada-mf","status":"publish","type":"product","link":"https:\/\/paraferro.com.br\/loja\/produto\/tela-soldada-mf\/","title":{"rendered":"Tela soldada tipo \u201cMF\u201d"},"content":{"rendered":"<p><span class=\"OYPEnA font-feature-liga-off font-feature-clig-off font-feature-calt-off text-decoration-none text-strikethrough-none\">A sigla &#8220;MF&#8221; em &#8220;Tela Soldada Macho e F\u00eamea&#8221; refere-se a um tipo espec\u00edfico de tela soldada usada na constru\u00e7\u00e3o civil. O termo &#8220;Macho e F\u00eamea&#8221; descreve a forma das extremidades das telas, que se encaixam entre si, facilitando a montagem e garantindo um alinhamento preciso. Essa caracter\u00edstica \u00e9 especialmente \u00fatil em estruturas como tubos e galerias.<\/span><\/p>\n<p>&nbsp;<\/p>\n","protected":false},"excerpt":{"rendered":"<p>A sigla &#8220;MF&#8221; em &#8220;Tela Soldada Macho e F\u00eamea&#8221; refere-se a um tipo espec\u00edfico de tela soldada usada na constru\u00e7\u00e3o civil. O termo &#8220;Macho e F\u00eamea&#8221; descreve a forma das extremidades das telas, que se encaixam entre si, facilitando a montagem e garantindo um alinhamento preciso. Essa caracter\u00edstica \u00e9 especialmente \u00fatil em estruturas como tubos e galerias. &nbsp;<\/p>\n","protected":false},"featured_media":14182,"template":"","meta":{"_joinchat":[]},"product_brand":[],"product_cat":[44],"product_tag":[],"class_list":{"0":"post-1198","1":"product","2":"type-product","3":"status-publish","4":"has-post-thumbnail","6":"product_cat-tela-soldada-construcao-civil","8":"first","9":"instock","10":"shipping-taxable","11":"purchasable","12":"product-type-variable"},"_links":{"self":[{"href":"https:\/\/paraferro.com.br\/loja\/wp-json\/wp\/v2\/product\/1198","targetHints":{"allow":["GET"]}}],"collection":[{"href":"https:\/\/paraferro.com.br\/loja\/wp-json\/wp\/v2\/product"}],"about":[{"href":"https:\/\/paraferro.com.br\/loja\/wp-json\/wp\/v2\/types\/product"}],"wp:featuredmedia":[{"embeddable":true,"href":"https:\/\/paraferro.com.br\/loja\/wp-json\/wp\/v2\/media\/14182"}],"wp:attachment":[{"href":"https:\/\/paraferro.com.br\/loja\/wp-json\/wp\/v2\/media?parent=1198"}],"wp:term":[{"taxonomy":"product_brand","embeddable":true,"href":"https:\/\/paraferro.com.br\/loja\/wp-json\/wp\/v2\/product_brand?post=1198"},{"taxonomy":"product_cat","embeddable":true,"href":"https:\/\/paraferro.com.br\/loja\/wp-json\/wp\/v2\/product_cat?post=1198"},{"taxonomy":"product_tag","embeddable":true,"href":"https:\/\/paraferro.com.br\/loja\/wp-json\/wp\/v2\/product_tag?post=1198"}],"curies":[{"name":"wp","href":"https:\/\/api.w.org\/{rel}","templated":true}]}}