{"id":1197,"date":"2019-08-23T15:50:42","date_gmt":"2019-08-23T18:50:42","guid":{"rendered":"http:\/\/paraferro.com.br\/loja\/produto\/tela-soldada-mf113-0975x120m-malha-100x200-arame-3-8x3-4\/"},"modified":"2025-05-12T16:22:01","modified_gmt":"2025-05-12T19:22:01","slug":"tela-fapol-morlan","status":"publish","type":"product","link":"https:\/\/paraferro.com.br\/loja\/produto\/tela-fapol-morlan\/","title":{"rendered":"TELA SOLDADA FAPOL MORLAN"},"content":{"rendered":"<p><span class=\"OYPEnA font-feature-liga-off font-feature-clig-off font-feature-calt-off text-decoration-none text-strikethrough-none\">A Tela Fapol Morlan\u00ae \u00e9 fabricada com arames de a\u00e7o zincados e eletrossoldados. Se destaca pela versatilidade, sendo utilizada em revestimentos de dutos, divis\u00f3rias, displays e aramados. Al\u00e9m disso, \u00e9 amplamente empregada por serralheiros na fabrica\u00e7\u00e3o de cestos, port\u00f5es, grelhas, carrinhos, artesanatos e diversos outros produtos.<\/span><\/p>\n<p>&nbsp;<\/p>\n<p>&nbsp;<\/p>\n","protected":false},"excerpt":{"rendered":"<p>A Tela Fapol Morlan\u00ae \u00e9 fabricada com arames de a\u00e7o zincados e eletrossoldados. Se destaca pela versatilidade, sendo utilizada em revestimentos de dutos, divis\u00f3rias, displays e aramados. Al\u00e9m disso, \u00e9 amplamente empregada por serralheiros na fabrica\u00e7\u00e3o de cestos, port\u00f5es, grelhas, carrinhos, artesanatos e diversos outros produtos. &nbsp; &nbsp;<\/p>\n","protected":false},"featured_media":14544,"template":"","meta":{"_joinchat":[]},"product_brand":[],"product_cat":[24,38],"product_tag":[],"class_list":{"0":"post-1197","1":"product","2":"type-product","3":"status-publish","4":"has-post-thumbnail","6":"product_cat-cercamento","7":"product_cat-tela-soldada","9":"first","10":"instock","11":"shipping-taxable","12":"purchasable","13":"product-type-variable"},"_links":{"self":[{"href":"https:\/\/paraferro.com.br\/loja\/wp-json\/wp\/v2\/product\/1197","targetHints":{"allow":["GET"]}}],"collection":[{"href":"https:\/\/paraferro.com.br\/loja\/wp-json\/wp\/v2\/product"}],"about":[{"href":"https:\/\/paraferro.com.br\/loja\/wp-json\/wp\/v2\/types\/product"}],"wp:featuredmedia":[{"embeddable":true,"href":"https:\/\/paraferro.com.br\/loja\/wp-json\/wp\/v2\/media\/14544"}],"wp:attachment":[{"href":"https:\/\/paraferro.com.br\/loja\/wp-json\/wp\/v2\/media?parent=1197"}],"wp:term":[{"taxonomy":"product_brand","embeddable":true,"href":"https:\/\/paraferro.com.br\/loja\/wp-json\/wp\/v2\/product_brand?post=1197"},{"taxonomy":"product_cat","embeddable":true,"href":"https:\/\/paraferro.com.br\/loja\/wp-json\/wp\/v2\/product_cat?post=1197"},{"taxonomy":"product_tag","embeddable":true,"href":"https:\/\/paraferro.com.br\/loja\/wp-json\/wp\/v2\/product_tag?post=1197"}],"curies":[{"name":"wp","href":"https:\/\/api.w.org\/{rel}","templated":true}]}}