{"id":1187,"date":"2019-08-23T15:31:27","date_gmt":"2019-08-23T18:31:27","guid":{"rendered":"http:\/\/paraferro.com.br\/loja\/?post_type=product&#038;p=1187"},"modified":"2025-05-08T11:19:39","modified_gmt":"2025-05-08T14:19:39","slug":"arame-recozido","status":"publish","type":"product","link":"https:\/\/paraferro.com.br\/loja\/produto\/arame-recozido\/","title":{"rendered":"ARAME RECOZIDO"},"content":{"rendered":"<p><span class=\"OYPEnA font-feature-liga-off font-feature-clig-off font-feature-calt-off text-decoration-none text-strikethrough-none\">O arame recozido \u00e9 um arame de a\u00e7o tratado termicamente para maior maleabilidade e resist\u00eancia, \u00e9 ideal para amarra\u00e7\u00e3o, fixa\u00e7\u00e3o e modelagem.<\/span><\/p>\n","protected":false},"excerpt":{"rendered":"<p>O arame recozido \u00e9 um arame de a\u00e7o tratado termicamente para maior maleabilidade e resist\u00eancia, \u00e9 ideal para amarra\u00e7\u00e3o, fixa\u00e7\u00e3o e modelagem.<\/p>\n","protected":false},"featured_media":1185,"template":"","meta":{"_joinchat":[]},"product_brand":[],"product_cat":[41,23],"product_tag":[],"class_list":{"0":"post-1187","1":"product","2":"type-product","3":"status-publish","4":"has-post-thumbnail","6":"product_cat-arame-recozido","7":"product_cat-construcao-civil","9":"first","10":"instock","11":"shipping-taxable","12":"purchasable","13":"product-type-variable","14":"has-default-attributes"},"_links":{"self":[{"href":"https:\/\/paraferro.com.br\/loja\/wp-json\/wp\/v2\/product\/1187","targetHints":{"allow":["GET"]}}],"collection":[{"href":"https:\/\/paraferro.com.br\/loja\/wp-json\/wp\/v2\/product"}],"about":[{"href":"https:\/\/paraferro.com.br\/loja\/wp-json\/wp\/v2\/types\/product"}],"wp:featuredmedia":[{"embeddable":true,"href":"https:\/\/paraferro.com.br\/loja\/wp-json\/wp\/v2\/media\/1185"}],"wp:attachment":[{"href":"https:\/\/paraferro.com.br\/loja\/wp-json\/wp\/v2\/media?parent=1187"}],"wp:term":[{"taxonomy":"product_brand","embeddable":true,"href":"https:\/\/paraferro.com.br\/loja\/wp-json\/wp\/v2\/product_brand?post=1187"},{"taxonomy":"product_cat","embeddable":true,"href":"https:\/\/paraferro.com.br\/loja\/wp-json\/wp\/v2\/product_cat?post=1187"},{"taxonomy":"product_tag","embeddable":true,"href":"https:\/\/paraferro.com.br\/loja\/wp-json\/wp\/v2\/product_tag?post=1187"}],"curies":[{"name":"wp","href":"https:\/\/api.w.org\/{rel}","templated":true}]}}