{"id":1183,"date":"2019-08-23T15:27:33","date_gmt":"2019-08-23T18:27:33","guid":{"rendered":"http:\/\/paraferro.com.br\/loja\/?post_type=product&#038;p=1183"},"modified":"2025-05-12T16:35:02","modified_gmt":"2025-05-12T19:35:02","slug":"concertina","status":"publish","type":"product","link":"https:\/\/paraferro.com.br\/loja\/produto\/concertina\/","title":{"rendered":"CONCERTINA"},"content":{"rendered":"<p>A Concertina \u00e9 uma cerca em espiral com l\u00e2minas de a\u00e7o cortantes. A sigla BTO refere-se ao tipo de l\u00e2mina usada em concertinas, sendo os modelos mais comuns:<br \/>\nBTO-22: L\u00e2minas de 22 mm, amplamente usadas para prote\u00e7\u00e3o residencial, comercial e industrial.<br \/>\nCBT-30: L\u00e2minas de 30 mm, proporcionando maior seguran\u00e7a, ideal para \u00e1reas de alta prote\u00e7\u00e3o.<br \/>\nAs concertinas podem ser: Clipadas com espiras fixadas com clips, mais compactas e dif\u00edceis de transpor.<br \/>\nOu N\u00e3o clipadas: Espiras soltas, oferecendo mais flexibilidade na instala\u00e7\u00e3o. A escolha ideal depende do n\u00edvel de seguran\u00e7a desejado e do tipo de \u00e1rea a ser protegida.<\/p>\n<p>&nbsp;<\/p>\n","protected":false},"excerpt":{"rendered":"<p>A Concertina \u00e9 uma cerca em espiral com l\u00e2minas de a\u00e7o cortantes. A sigla BTO refere-se ao tipo de l\u00e2mina usada em concertinas, sendo os modelos mais comuns: BTO-22: L\u00e2minas de 22 mm, amplamente usadas para prote\u00e7\u00e3o residencial, comercial e industrial. CBT-30: L\u00e2minas de 30 mm, proporcionando maior seguran\u00e7a, ideal para \u00e1reas de alta prote\u00e7\u00e3o. As concertinas podem ser: Clipadas com espiras fixadas com clips, mais compactas e dif\u00edceis de transpor. Ou N\u00e3o clipadas: Espiras soltas, oferecendo mais flexibilidade na instala\u00e7\u00e3o. A escolha ideal depende do n\u00edvel de seguran\u00e7a desejado e do tipo de \u00e1rea a ser protegida. &nbsp;<\/p>\n","protected":false},"featured_media":14574,"template":"","meta":{"_joinchat":[]},"product_brand":[],"product_cat":[24,40],"product_tag":[],"class_list":{"0":"post-1183","1":"product","2":"type-product","3":"status-publish","4":"has-post-thumbnail","6":"product_cat-cercamento","7":"product_cat-concertina","9":"first","10":"instock","11":"shipping-taxable","12":"purchasable","13":"product-type-variable"},"_links":{"self":[{"href":"https:\/\/paraferro.com.br\/loja\/wp-json\/wp\/v2\/product\/1183","targetHints":{"allow":["GET"]}}],"collection":[{"href":"https:\/\/paraferro.com.br\/loja\/wp-json\/wp\/v2\/product"}],"about":[{"href":"https:\/\/paraferro.com.br\/loja\/wp-json\/wp\/v2\/types\/product"}],"wp:featuredmedia":[{"embeddable":true,"href":"https:\/\/paraferro.com.br\/loja\/wp-json\/wp\/v2\/media\/14574"}],"wp:attachment":[{"href":"https:\/\/paraferro.com.br\/loja\/wp-json\/wp\/v2\/media?parent=1183"}],"wp:term":[{"taxonomy":"product_brand","embeddable":true,"href":"https:\/\/paraferro.com.br\/loja\/wp-json\/wp\/v2\/product_brand?post=1183"},{"taxonomy":"product_cat","embeddable":true,"href":"https:\/\/paraferro.com.br\/loja\/wp-json\/wp\/v2\/product_cat?post=1183"},{"taxonomy":"product_tag","embeddable":true,"href":"https:\/\/paraferro.com.br\/loja\/wp-json\/wp\/v2\/product_tag?post=1183"}],"curies":[{"name":"wp","href":"https:\/\/api.w.org\/{rel}","templated":true}]}}