{"id":1155,"date":"2019-08-23T15:04:18","date_gmt":"2019-08-23T18:04:18","guid":{"rendered":"http:\/\/paraferro.com.br\/loja\/produto\/tela-soldada-fachaforte-zn3-25x25-x124mmx10mx25m\/"},"modified":"2025-06-05T09:44:11","modified_gmt":"2025-06-05T12:44:11","slug":"tela-soldada-fachaforte","status":"publish","type":"product","link":"https:\/\/paraferro.com.br\/loja\/produto\/tela-soldada-fachaforte\/","title":{"rendered":"TELA SOLDADA FACHAFORTE MORLAN ZN3\u00ae"},"content":{"rendered":"<p>A tela met\u00e1lica eletrossoldada Fachaforte Morlan ZN3\u00ae foi desenvolvida pela Morlan, com o objetivo de prevenir o aparecimento de fissuras no revestimento de argamassa das fachadas, para ser usada como um refor\u00e7o na argamassa do revestimento da fachada nas regi\u00f5es de elevadas tens\u00f5es, que ocorrem principalmente na interface estrutura-alvenaria (viga\/alvenaria e pilar\/alvenaria).<\/p>\n<p>Fabricada com camada de zinco a tela Fachaforte Morlan ZN3\u00ae proporciona maior prote\u00e7\u00e3o contra a corros\u00e3o &#8211; uma caracter\u00edstica fundamental para esta finalidade! A tela Fachaforte Morlan ZN3\u00ae atende inteiramente a nova norma NBR 13.755 de fachadas.<\/p>\n","protected":false},"excerpt":{"rendered":"<p>A tela met\u00e1lica eletrossoldada Fachaforte Morlan ZN3\u00ae foi desenvolvida pela Morlan, com o objetivo de prevenir o aparecimento de fissuras no revestimento de argamassa das fachadas, para ser usada como um refor\u00e7o na argamassa do revestimento da fachada nas regi\u00f5es de elevadas tens\u00f5es, que ocorrem principalmente na interface estrutura-alvenaria (viga\/alvenaria e pilar\/alvenaria). Fabricada com camada de zinco a tela Fachaforte Morlan ZN3\u00ae proporciona maior prote\u00e7\u00e3o contra a corros\u00e3o &#8211; uma caracter\u00edstica fundamental para esta finalidade! A tela Fachaforte Morlan ZN3\u00ae atende inteiramente a nova norma NBR 13.755 de fachadas.<\/p>\n","protected":false},"featured_media":14617,"template":"","meta":{"_joinchat":[]},"product_brand":[],"product_cat":[44],"product_tag":[],"class_list":{"0":"post-1155","1":"product","2":"type-product","3":"status-publish","4":"has-post-thumbnail","6":"product_cat-tela-soldada-construcao-civil","8":"first","9":"instock","10":"shipping-taxable","11":"purchasable","12":"product-type-variable","13":"has-default-attributes"},"_links":{"self":[{"href":"https:\/\/paraferro.com.br\/loja\/wp-json\/wp\/v2\/product\/1155","targetHints":{"allow":["GET"]}}],"collection":[{"href":"https:\/\/paraferro.com.br\/loja\/wp-json\/wp\/v2\/product"}],"about":[{"href":"https:\/\/paraferro.com.br\/loja\/wp-json\/wp\/v2\/types\/product"}],"wp:featuredmedia":[{"embeddable":true,"href":"https:\/\/paraferro.com.br\/loja\/wp-json\/wp\/v2\/media\/14617"}],"wp:attachment":[{"href":"https:\/\/paraferro.com.br\/loja\/wp-json\/wp\/v2\/media?parent=1155"}],"wp:term":[{"taxonomy":"product_brand","embeddable":true,"href":"https:\/\/paraferro.com.br\/loja\/wp-json\/wp\/v2\/product_brand?post=1155"},{"taxonomy":"product_cat","embeddable":true,"href":"https:\/\/paraferro.com.br\/loja\/wp-json\/wp\/v2\/product_cat?post=1155"},{"taxonomy":"product_tag","embeddable":true,"href":"https:\/\/paraferro.com.br\/loja\/wp-json\/wp\/v2\/product_tag?post=1155"}],"curies":[{"name":"wp","href":"https:\/\/api.w.org\/{rel}","templated":true}]}}