{"id":1151,"date":"2019-08-23T15:04:18","date_gmt":"2019-08-23T18:04:18","guid":{"rendered":"http:\/\/paraferro.com.br\/loja\/produto\/tela-soldada-seguranca-150-x-50-x-250mm-x-2m-x-25m\/"},"modified":"2025-04-22T16:19:31","modified_gmt":"2025-04-22T19:19:31","slug":"tela-soldada-seguranca-150-x-50-x-250mm-x-2m-x-25m","status":"publish","type":"product","link":"https:\/\/paraferro.com.br\/loja\/produto\/tela-soldada-seguranca-150-x-50-x-250mm-x-2m-x-25m\/","title":{"rendered":"TELA Seguran\u00e7a Morlan ZN3\u00ae"},"content":{"rendered":"<p><span class=\"OYPEnA font-feature-liga-off font-feature-clig-off font-feature-calt-off text-decoration-none text-strikethrough-none\">A tela soldada Seguran\u00e7a Morlan ZN3\u00ae \u00e9 dur\u00e1vel e elegante, ideal para cercamentos residenciais, comerciais e industriais. Feita com arames de a\u00e7o zincado com camada pesada de zinco, oferece alta prote\u00e7\u00e3o contra corros\u00e3o. Seus fios eletrossoldados garantem resist\u00eancia e seguran\u00e7a, impedindo a abertura da malha e proporcionando um cercamento eficiente e sofisticado.<\/span><\/p>\n<p><strong>Medidas:<\/strong><\/p>\n<div>\n<table style=\"height: 336px;\" width=\"723\">\n<tbody>\n<tr>\n<td>\n<div>\n<p>Malha<\/p>\n<\/div>\n<div>\n<p>(mm x mm )<\/p>\n<\/div>\n<\/td>\n<td>\n<div>\n<p>Fio<\/p>\n<\/div>\n<div>\n<p>(mm)<\/p>\n<\/div>\n<\/td>\n<\/tr>\n<tr>\n<td>\n<div>\n<p>5,0 x 7,5<\/p>\n<\/div>\n<\/td>\n<td>\n<div>\n<p>2,10<\/p>\n<\/div>\n<\/td>\n<\/tr>\n<tr>\n<td>\n<div>\n<p>5 x 10<\/p>\n<\/div>\n<\/td>\n<td>\n<div>\n<p>1,90<\/p>\n<\/div>\n<\/td>\n<\/tr>\n<tr>\n<td>\n<div>\n<p>5 x 15<\/p>\n<\/div>\n<\/td>\n<td>\n<div>\n<p>2,30<\/p>\n<\/div>\n<\/td>\n<\/tr>\n<tr>\n<td>\n<div>\n<p>5 x 15<\/p>\n<\/div>\n<\/td>\n<td>\n<div>\n<p>2,50<\/p>\n<\/div>\n<\/td>\n<\/tr>\n<\/tbody>\n<\/table>\n<\/div>\n","protected":false},"excerpt":{"rendered":"<p>A tela soldada Seguran\u00e7a Morlan ZN3\u00ae \u00e9 dur\u00e1vel e elegante, ideal para cercamentos residenciais, comerciais e industriais. Feita com arames de a\u00e7o zincado com camada pesada de zinco, oferece alta prote\u00e7\u00e3o contra corros\u00e3o. Seus fios eletrossoldados garantem resist\u00eancia e seguran\u00e7a, impedindo a abertura da malha e proporcionando um cercamento eficiente e sofisticado. Medidas: Malha (mm x mm ) Fio (mm) 5,0 x 7,5 2,10 5 x 10 1,90 5 x 15 2,30 5 x 15 2,50<\/p>\n","protected":false},"featured_media":14075,"template":"","meta":{"_joinchat":[]},"product_brand":[],"product_cat":[38],"product_tag":[],"class_list":{"0":"post-1151","1":"product","2":"type-product","3":"status-publish","4":"has-post-thumbnail","6":"product_cat-tela-soldada","8":"first","9":"instock","10":"shipping-taxable","11":"purchasable","12":"product-type-simple"},"_links":{"self":[{"href":"https:\/\/paraferro.com.br\/loja\/wp-json\/wp\/v2\/product\/1151","targetHints":{"allow":["GET"]}}],"collection":[{"href":"https:\/\/paraferro.com.br\/loja\/wp-json\/wp\/v2\/product"}],"about":[{"href":"https:\/\/paraferro.com.br\/loja\/wp-json\/wp\/v2\/types\/product"}],"wp:featuredmedia":[{"embeddable":true,"href":"https:\/\/paraferro.com.br\/loja\/wp-json\/wp\/v2\/media\/14075"}],"wp:attachment":[{"href":"https:\/\/paraferro.com.br\/loja\/wp-json\/wp\/v2\/media?parent=1151"}],"wp:term":[{"taxonomy":"product_brand","embeddable":true,"href":"https:\/\/paraferro.com.br\/loja\/wp-json\/wp\/v2\/product_brand?post=1151"},{"taxonomy":"product_cat","embeddable":true,"href":"https:\/\/paraferro.com.br\/loja\/wp-json\/wp\/v2\/product_cat?post=1151"},{"taxonomy":"product_tag","embeddable":true,"href":"https:\/\/paraferro.com.br\/loja\/wp-json\/wp\/v2\/product_tag?post=1151"}],"curies":[{"name":"wp","href":"https:\/\/api.w.org\/{rel}","templated":true}]}}