{"id":1121,"date":"2019-08-23T14:32:00","date_gmt":"2019-08-23T17:32:00","guid":{"rendered":"http:\/\/paraferro.com.br\/loja\/produto\/tela-hexagonal-col-branca-1-bwg-22x150m\/"},"modified":"2025-05-12T16:38:46","modified_gmt":"2025-05-12T19:38:46","slug":"tela-hexagonal","status":"publish","type":"product","link":"https:\/\/paraferro.com.br\/loja\/produto\/tela-hexagonal\/","title":{"rendered":"TELA HEXAGONAL"},"content":{"rendered":"<p><span class=\"OYPEnA font-feature-liga-off font-feature-clig-off font-feature-calt-off text-decoration-none text-strikethrough-none\">A tela hexagonal, ou tela de galinheiro, \u00e9 uma malha de arame entrela\u00e7ado em formato hexagonal, geralmente feita de a\u00e7o galvanizado ou revestida em PVC. \u00c9 resistente, flex\u00edvel e usada em diversas aplica\u00e7\u00f5es, como cercamento de animais, prote\u00e7\u00e3o de hortas, refor\u00e7o na constru\u00e7\u00e3o civil e decora\u00e7\u00e3o. Leve e f\u00e1cil de instalar, \u00e9 uma op\u00e7\u00e3o pr\u00e1tica e econ\u00f4mica para seguran\u00e7a e delimita\u00e7\u00e3o de espa\u00e7os.<\/span><\/p>\n<p>&nbsp;<\/p>\n","protected":false},"excerpt":{"rendered":"<p>A tela hexagonal, ou tela de galinheiro, \u00e9 uma malha de arame entrela\u00e7ado em formato hexagonal, geralmente feita de a\u00e7o galvanizado ou revestida em PVC. \u00c9 resistente, flex\u00edvel e usada em diversas aplica\u00e7\u00f5es, como cercamento de animais, prote\u00e7\u00e3o de hortas, refor\u00e7o na constru\u00e7\u00e3o civil e decora\u00e7\u00e3o. Leve e f\u00e1cil de instalar, \u00e9 uma op\u00e7\u00e3o pr\u00e1tica e econ\u00f4mica para seguran\u00e7a e delimita\u00e7\u00e3o de espa\u00e7os. &nbsp;<\/p>\n","protected":false},"featured_media":14580,"template":"","meta":{"_joinchat":[]},"product_brand":[],"product_cat":[35],"product_tag":[],"class_list":{"0":"post-1121","1":"product","2":"type-product","3":"status-publish","4":"has-post-thumbnail","6":"product_cat-tela-hexagonal","8":"first","9":"instock","10":"shipping-taxable","11":"purchasable","12":"product-type-variable"},"_links":{"self":[{"href":"https:\/\/paraferro.com.br\/loja\/wp-json\/wp\/v2\/product\/1121","targetHints":{"allow":["GET"]}}],"collection":[{"href":"https:\/\/paraferro.com.br\/loja\/wp-json\/wp\/v2\/product"}],"about":[{"href":"https:\/\/paraferro.com.br\/loja\/wp-json\/wp\/v2\/types\/product"}],"wp:featuredmedia":[{"embeddable":true,"href":"https:\/\/paraferro.com.br\/loja\/wp-json\/wp\/v2\/media\/14580"}],"wp:attachment":[{"href":"https:\/\/paraferro.com.br\/loja\/wp-json\/wp\/v2\/media?parent=1121"}],"wp:term":[{"taxonomy":"product_brand","embeddable":true,"href":"https:\/\/paraferro.com.br\/loja\/wp-json\/wp\/v2\/product_brand?post=1121"},{"taxonomy":"product_cat","embeddable":true,"href":"https:\/\/paraferro.com.br\/loja\/wp-json\/wp\/v2\/product_cat?post=1121"},{"taxonomy":"product_tag","embeddable":true,"href":"https:\/\/paraferro.com.br\/loja\/wp-json\/wp\/v2\/product_tag?post=1121"}],"curies":[{"name":"wp","href":"https:\/\/api.w.org\/{rel}","templated":true}]}}