{"id":1101,"date":"2019-08-23T10:17:41","date_gmt":"2019-08-23T13:17:41","guid":{"rendered":"http:\/\/paraferro.com.br\/loja\/?post_type=product&#038;p=1101"},"modified":"2025-06-05T11:46:27","modified_gmt":"2025-06-05T14:46:27","slug":"arame-ovalado","status":"publish","type":"product","link":"https:\/\/paraferro.com.br\/loja\/produto\/arame-ovalado\/","title":{"rendered":"ARAME OVALADO"},"content":{"rendered":"<p><span class=\"OYPEnA font-feature-liga-off font-feature-clig-off font-feature-calt-off text-decoration-none text-strikethrough-none\">O arame Ovalado \u00e9 pr\u00e1tico, eficiente, dur\u00e1vel, f\u00e1cil de instalar, com alt\u00edssima resist\u00eancia e com a camada de zinco mantendo com excel\u00eancia, a tradi\u00e7\u00e3o de qualidade, resist\u00eancia excelentes.<\/span><\/p>\n","protected":false},"excerpt":{"rendered":"<p>O arame Ovalado \u00e9 pr\u00e1tico, eficiente, dur\u00e1vel, f\u00e1cil de instalar, com alt\u00edssima resist\u00eancia e com a camada de zinco mantendo com excel\u00eancia, a tradi\u00e7\u00e3o de qualidade, resist\u00eancia excelentes.<\/p>\n","protected":false},"featured_media":14191,"template":"","meta":{"_joinchat":[]},"product_brand":[],"product_cat":[31],"product_tag":[],"class_list":{"0":"post-1101","1":"product","2":"type-product","3":"status-publish","4":"has-post-thumbnail","6":"product_cat-arame-ovalado","8":"first","9":"instock","10":"shipping-taxable","11":"purchasable","12":"product-type-variable"},"_links":{"self":[{"href":"https:\/\/paraferro.com.br\/loja\/wp-json\/wp\/v2\/product\/1101","targetHints":{"allow":["GET"]}}],"collection":[{"href":"https:\/\/paraferro.com.br\/loja\/wp-json\/wp\/v2\/product"}],"about":[{"href":"https:\/\/paraferro.com.br\/loja\/wp-json\/wp\/v2\/types\/product"}],"wp:featuredmedia":[{"embeddable":true,"href":"https:\/\/paraferro.com.br\/loja\/wp-json\/wp\/v2\/media\/14191"}],"wp:attachment":[{"href":"https:\/\/paraferro.com.br\/loja\/wp-json\/wp\/v2\/media?parent=1101"}],"wp:term":[{"taxonomy":"product_brand","embeddable":true,"href":"https:\/\/paraferro.com.br\/loja\/wp-json\/wp\/v2\/product_brand?post=1101"},{"taxonomy":"product_cat","embeddable":true,"href":"https:\/\/paraferro.com.br\/loja\/wp-json\/wp\/v2\/product_cat?post=1101"},{"taxonomy":"product_tag","embeddable":true,"href":"https:\/\/paraferro.com.br\/loja\/wp-json\/wp\/v2\/product_tag?post=1101"}],"curies":[{"name":"wp","href":"https:\/\/api.w.org\/{rel}","templated":true}]}}