{"id":10063,"date":"2023-03-10T16:12:38","date_gmt":"2023-03-10T19:12:38","guid":{"rendered":"https:\/\/paraferro.com.br\/loja\/?post_type=product&#038;p=10063"},"modified":"2024-09-08T18:25:39","modified_gmt":"2024-09-08T21:25:39","slug":"parabolt-chumb-pba-3-8-x-3-1-4-c-parafuso","status":"publish","type":"product","link":"https:\/\/paraferro.com.br\/loja\/produto\/parabolt-chumb-pba-3-8-x-3-1-4-c-parafuso\/","title":{"rendered":"PARABOLT CHUMB PBA 3\/8 X 3.1\/4 C\/ PARAFUSO"},"content":{"rendered":"<p>Para projetos que exigem m\u00e1xima resist\u00eancia, o Parabolt se destaca como o aliado perfeito. Projetado para suportar grandes cargas e fixar com precis\u00e3o em concreto ou a\u00e7o, ele \u00e9 essencial para quem busca fixa\u00e7\u00f5es fortes e confi\u00e1veis. Sua rosca precisa facilita a instala\u00e7\u00e3o, enquanto o tratamento anticorrosivo garante durabilidade superior, mesmo em ambientes externos ou industriais. Com o Parabolt, voc\u00ea tem a garantia de seguran\u00e7a em obras civis, industriais e estruturas met\u00e1licas.<\/p>\n","protected":false},"excerpt":{"rendered":"<p>Para projetos que exigem m\u00e1xima resist\u00eancia, o Parabolt se destaca como o aliado perfeito. Projetado para suportar grandes cargas e fixar com precis\u00e3o em concreto ou a\u00e7o, ele \u00e9 essencial para quem busca fixa\u00e7\u00f5es fortes e confi\u00e1veis. Sua rosca precisa facilita a instala\u00e7\u00e3o, enquanto o tratamento anticorrosivo garante durabilidade superior, mesmo em ambientes externos ou industriais. Com o Parabolt, voc\u00ea tem a garantia de seguran\u00e7a em obras civis, industriais e estruturas met\u00e1licas.<\/p>\n","protected":false},"featured_media":12053,"template":"","meta":{"_joinchat":[]},"product_brand":[],"product_cat":[180],"product_tag":[],"class_list":{"0":"post-10063","1":"product","2":"type-product","3":"status-publish","4":"has-post-thumbnail","6":"product_cat-parabolt","8":"first","9":"instock","10":"shipping-taxable","11":"purchasable","12":"product-type-simple"},"_links":{"self":[{"href":"https:\/\/paraferro.com.br\/loja\/wp-json\/wp\/v2\/product\/10063","targetHints":{"allow":["GET"]}}],"collection":[{"href":"https:\/\/paraferro.com.br\/loja\/wp-json\/wp\/v2\/product"}],"about":[{"href":"https:\/\/paraferro.com.br\/loja\/wp-json\/wp\/v2\/types\/product"}],"wp:featuredmedia":[{"embeddable":true,"href":"https:\/\/paraferro.com.br\/loja\/wp-json\/wp\/v2\/media\/12053"}],"wp:attachment":[{"href":"https:\/\/paraferro.com.br\/loja\/wp-json\/wp\/v2\/media?parent=10063"}],"wp:term":[{"taxonomy":"product_brand","embeddable":true,"href":"https:\/\/paraferro.com.br\/loja\/wp-json\/wp\/v2\/product_brand?post=10063"},{"taxonomy":"product_cat","embeddable":true,"href":"https:\/\/paraferro.com.br\/loja\/wp-json\/wp\/v2\/product_cat?post=10063"},{"taxonomy":"product_tag","embeddable":true,"href":"https:\/\/paraferro.com.br\/loja\/wp-json\/wp\/v2\/product_tag?post=10063"}],"curies":[{"name":"wp","href":"https:\/\/api.w.org\/{rel}","templated":true}]}}